{"id":10500,"date":"2020-02-14T19:04:28","date_gmt":"2020-02-14T18:04:28","guid":{"rendered":"http:\/\/www.olgcordoba.ch\/?page_id=10500"},"modified":"2022-11-22T16:26:31","modified_gmt":"2022-11-22T15:26:31","slug":"neu-auf-dieser-seite","status":"publish","type":"page","link":"https:\/\/www.olgcordoba.ch\/index.php\/neu-auf-dieser-seite\/","title":{"rendered":"Neu auf dieser Seite"},"content":{"rendered":"\n<p>Sch\u00f6n, dass du dich f\u00fcr den Orientierungslauf (kurz OL) interessierst.<br>Cordoba, der OL-Club Baden Brugg Zurzach, hat diverse Angebote und Informationen f\u00fcr OL-Einsteiger, Fortgeschrittene und Profis oder auch wenn du f\u00fcr deinen Verein oder deine Schule einen OL planst und Unterst\u00fctzung oder Material ben\u00f6tigst.<\/p>\n\n\n\n\n<table id=\"tablepress-33\" class=\"tablepress tablepress-id-33\">\n<tbody>\n<tr class=\"row-1\">\n\t<td class=\"column-1\"><a href=\"www.olgcordoba.ch\/index.php\/ol-schnuppern\/\"> <img src=\"http:\/\/www.olgcordoba.ch\/wp-content\/uploads\/2020\/06\/1-1_OL-Schnuppern.jpg\" alt=\"OL Schnuppern\" width=100%  \/><\/a><\/td><td class=\"column-2\"><a href=\"http:\/\/www.olgcordoba.ch\/index.php\/ol-karten-2\/\"> <img src=\"http:\/\/www.olgcordoba.ch\/wp-content\/uploads\/2020\/06\/1-2_OL-Karten.jpg\" alt=\"OL Karten\" width=100%  \/><\/a><\/td><td class=\"column-3\"><a href=\"http:\/\/www.olgcordoba.ch\/index.php\/schulen-scool\/\"> <img src=\"http:\/\/www.olgcordoba.ch\/wp-content\/uploads\/2020\/07\/1-3_Schulen-sCOOL.jpg\" alt=\"Schulen &amp; sCOOL\" width=100%  \/><\/a><\/td>\n<\/tr>\n<tr class=\"row-2\">\n\t<td class=\"column-1\"><a href=\"http:\/\/www.olgcordoba.ch\/index.php\/ol-material\/\"> <img src=\"http:\/\/www.olgcordoba.ch\/wp-content\/uploads\/2020\/06\/2-1_OL-Material.jpg\" alt=\"OL Material\" width=100%  \/><\/a><\/td><td class=\"column-2\"><a href=\"http:\/\/www.olgcordoba.ch\/index.php\/ol-umwelt\/\"> <img src=\"http:\/\/www.olgcordoba.ch\/wp-content\/uploads\/2020\/06\/2-2_OLUmwelt.jpg\" alt=\"OL &amp; Umwelt\" width=100%  \/><\/a><\/td><td class=\"column-3\"><a href=\"http:\/\/www.olgcordoba.ch\/index.php\/was-ist-ol\/\"> <img src=\"http:\/\/www.olgcordoba.ch\/wp-content\/uploads\/2020\/06\/2-3_Was_ist_OL.jpg\" alt=\"Was ist OL\" width=100%  \/><\/a><\/td>\n<\/tr>\n<tr class=\"row-3\">\n\t<td class=\"column-1\"><a href=\"http:\/\/www.olgcordoba.ch\/index.php\/ich-will-ol-machen\/\"> <img src=\"http:\/\/www.olgcordoba.ch\/wp-content\/uploads\/2020\/06\/3-1_Ich_will_OL_machen.jpg\" alt=\"Ich will OL machen\" width=100%  \/><\/a><\/td><td class=\"column-2\"><a href=\"http:\/\/www.olgcordoba.ch\/index.php\/wir-unterstuetzen-dich\/\"> <img src=\"http:\/\/www.olgcordoba.ch\/wp-content\/uploads\/2020\/06\/3-2_Wir_unterst\u00fctzen_dich.jpg\" alt=\"Wir Unterst\u00fctzen dich\" width=100%  \/><\/a><\/td><td class=\"column-3\"><a href=\"http:\/\/www.olgcordoba.ch\/index.php\/kontakt-2\/\"> <img src=\"http:\/\/www.olgcordoba.ch\/wp-content\/uploads\/2020\/06\/3-3_Kontakt.jpg\" alt=\"Kontakt\" width=100% ><\/a><\/td>\n<\/tr>\n<tr class=\"row-4\">\n\t<td class=\"column-1\"><\/td><td class=\"column-2\"><\/td><td class=\"column-3\"><\/td>\n<\/tr>\n<\/tbody>\n<\/table>\n<!-- #tablepress-33 from cache -->\n","protected":false},"excerpt":{"rendered":"<p>Sch\u00f6n, dass du dich f\u00fcr den Orientierungslauf (kurz OL) interessierst.Cordoba, der OL-Club Baden Brugg Zurzach, hat diverse Angebote und Informationen f\u00fcr OL-Einsteiger, Fortgeschrittene und Profis oder auch wenn du f\u00fcr deinen Verein oder deine Schule einen OL planst und Unterst\u00fctzung oder Material ben\u00f6tigst.<\/p>\n","protected":false},"author":18,"featured_media":0,"parent":0,"menu_order":0,"comment_status":"closed","ping_status":"closed","template":"page-fullwidth.php","meta":{"_mc_calendar":[]},"_links":{"self":[{"href":"https:\/\/www.olgcordoba.ch\/index.php\/wp-json\/wp\/v2\/pages\/10500"}],"collection":[{"href":"https:\/\/www.olgcordoba.ch\/index.php\/wp-json\/wp\/v2\/pages"}],"about":[{"href":"https:\/\/www.olgcordoba.ch\/index.php\/wp-json\/wp\/v2\/types\/page"}],"author":[{"embeddable":true,"href":"https:\/\/www.olgcordoba.ch\/index.php\/wp-json\/wp\/v2\/users\/18"}],"replies":[{"embeddable":true,"href":"https:\/\/www.olgcordoba.ch\/index.php\/wp-json\/wp\/v2\/comments?post=10500"}],"version-history":[{"count":8,"href":"https:\/\/www.olgcordoba.ch\/index.php\/wp-json\/wp\/v2\/pages\/10500\/revisions"}],"predecessor-version":[{"id":17341,"href":"https:\/\/www.olgcordoba.ch\/index.php\/wp-json\/wp\/v2\/pages\/10500\/revisions\/17341"}],"wp:attachment":[{"href":"https:\/\/www.olgcordoba.ch\/index.php\/wp-json\/wp\/v2\/media?parent=10500"}],"curies":[{"name":"wp","href":"https:\/\/api.w.org\/{rel}","templated":true}]}}