{"id":10604,"date":"2020-03-07T13:44:47","date_gmt":"2020-03-07T12:44:47","guid":{"rendered":"http:\/\/www.olgcordoba.ch\/?page_id=10604"},"modified":"2025-06-01T12:55:58","modified_gmt":"2025-06-01T10:55:58","slug":"ol-schnuppern","status":"publish","type":"page","link":"https:\/\/www.olgcordoba.ch\/index.php\/neu-auf-dieser-seite\/ol-schnuppern\/","title":{"rendered":"OL Schnuppern"},"content":{"rendered":"\n<p>Du bist neu im OL und m\u00f6chtest gerne schauen, wie das geht und was es dazu brauchts. Hier findest du das Wichtigste zusammengefasst: <\/p>\n\n\n\n<figure class=\"wp-block-embed is-type-video is-provider-youtube wp-block-embed-youtube wp-embed-aspect-16-9 wp-has-aspect-ratio\"><div class=\"wp-block-embed__wrapper\">\n<iframe loading=\"lazy\" title=\"Orientierungslauf\" width=\"640\" height=\"360\" src=\"https:\/\/www.youtube.com\/embed\/aV6sgM04iGM?feature=oembed\" frameborder=\"0\" allow=\"accelerometer; autoplay; encrypted-media; gyroscope; picture-in-picture\" allowfullscreen><\/iframe>\n<\/div><figcaption>Die faszinierende Sportart Orientierungslauf kurz und b\u00fcndig erkl\u00e4rt und vorgef\u00fchrt<\/figcaption><\/figure>\n\n\n\n<ul><li><a href=\"https:\/\/www.olgcordoba.ch\/wp-content\/uploads\/2025\/06\/2025_Cordoba-Flyer.pdf\" data-type=\"URL\" data-id=\"https:\/\/www.olgcordoba.ch\/wp-content\/uploads\/2025\/06\/2025_Cordoba-Flyer.pdf\" target=\"_blank\" rel=\"noreferrer noopener\">Flyer <\/a>von Cordoba OLC<\/li><li>Pers\u00f6nliche <a aria-label=\"Ausr\u00fcstung (\u00f6ffnet in neuem Tab)\" rel=\"noreferrer noopener\" href=\"https:\/\/www.swiss-orienteering.ch\/de\/bewegen-orientieren\/40-swiss-orienteering\/bewegen-orientieren\/139-fuss-ol-ausruestung.html\" target=\"_blank\">Ausr\u00fcstung<\/a> f\u00fcr einen OL<\/li><li>Die <a href=\"https:\/\/www.olgcordoba.ch\/index.php\/neu-auf-dieser-seite\/ol-karten-2\/\">OL-Karte<\/a>, das wichtigste Utensil f\u00fcr einen OL<\/li><li><a href=\"https:\/\/www.olgcordoba.ch\/index.php\/training-ols\/\">OL-Training<\/a> sind auch in der <a href=\"https:\/\/www.olgcordoba.ch\/index.php\/agenda\/\">Agenda<\/a><\/li><li>Eine <a rel=\"noreferrer noopener\" href=\"https:\/\/www.olgcordoba.ch\/wp-content\/uploads\/2020\/01\/2020_Juniorteam-Jahresprogramm.pdf\" target=\"_blank\">\u00dcbersicht <\/a>aller OL-Trainings in der Region sowie der Aargauer OLs, aller Nationalen und Meisterschaften.<\/li><li>Gegen Vorzeigen deiner Startnummer vom sCOOL Cup 2022 hast du die M\u00f6glichkeit, an einem der OL Wettk\u00e4mpfe im Aargau gratis zu starten. Mehr Infos dazu findest du auf der\u00a0<a rel=\"noreferrer noopener\" href=\"https:\/\/scoolcup.aolv.ch\/info_gratisstart.html\" target=\"_blank\">Homepage des sCOOL-Cup<\/a>.<\/li><\/ul>\n\n\n\n<div class=\"wp-block-image\"><figure class=\"alignright size-medium\"><a href=\"https:\/\/www.olgcordoba.ch\/wp-content\/uploads\/2018\/04\/2018_OL-Lager_026.jpg\"><img loading=\"lazy\" width=\"200\" height=\"300\" src=\"https:\/\/www.olgcordoba.ch\/wp-content\/uploads\/2018\/04\/2018_OL-Lager_026-200x300.jpg\" alt=\"\" class=\"wp-image-6710\" srcset=\"https:\/\/www.olgcordoba.ch\/wp-content\/uploads\/2018\/04\/2018_OL-Lager_026-200x300.jpg 200w, https:\/\/www.olgcordoba.ch\/wp-content\/uploads\/2018\/04\/2018_OL-Lager_026.jpg 665w\" sizes=\"(max-width: 200px) 100vw, 200px\" \/><\/a><figcaption>Im sch\u00f6nen Fr\u00fchlingswald unterwegs<\/figcaption><\/figure><\/div>\n\n\n\n<ul><li><a href=\"https:\/\/www.olgcordoba.ch\/index.php\/neu-auf-dieser-seite\/was-ist-ol\/\">Was ist OL<\/a><\/li><li>Angebote, welche jederzeit zur Verf\u00fcgung stehen:<ul><li><a rel=\"noreferrer noopener\" href=\"https:\/\/www.swiss-o-finder.ch\/\" target=\"_blank\">Swiss-O-Finder<\/a>, der Standort <a rel=\"noreferrer noopener\" href=\"https:\/\/www.swiss-o-finder.ch\/baden\/\" target=\"_blank\">Baden<\/a><\/li><li><a href=\"https:\/\/city-ol.ch\/\" data-type=\"URL\" data-id=\"https:\/\/city-ol.ch\/\" target=\"_blank\" rel=\"noreferrer noopener\">City-OL<\/a><\/li><\/ul><\/li><li>Ausbildungsangebote:<ul><li><a rel=\"noreferrer noopener\" href=\"https:\/\/www.olgcordoba.ch\/index.php\/ol-kurs\/\" target=\"_blank\">OL-Kurs<\/a> jeweils im Fr\u00fchling im Einzugsgebiet von Cordoba OLC<\/li><li>W\u00f6chiges <a rel=\"noreferrer noopener\" href=\"https:\/\/www.olgcordoba.ch\/index.php\/ol-lager\/\" target=\"_blank\">OL-Lager<\/a> im Fr\u00fchling irgendwo in der Schweiz<\/li><li>Im Juniorenteam von Cordoba OLC werden knapp 50 Kinder und Jugendliche anhand eines <a rel=\"noreferrer noopener\" href=\"https:\/\/www.olgcordoba.ch\/wp-content\/uploads\/2020\/01\/2020_Juniorteam-Jahresprogramm.pdf\" target=\"_blank\">speziellen Programms<\/a> betreut<\/li><li>OL wird oft als Schulsportkurs angeboten. Erkundige dich doch bei deiner Schule ob OL im Programm ist.<\/li><\/ul><\/li><li>Unsere Wettk\u00e4mpfe:<ul><li><a href=\"http:\/\/www.badener-ol.ch\/\">Badener-OL<\/a><\/li><li><a href=\"http:\/\/zurzacher-ol.ch\/\">Zurzacher-OL<\/a><\/li><li><a rel=\"noreferrer noopener\" href=\"https:\/\/www.3days.ch\/\" target=\"_blank\">3-Tage-OL 2019<\/a><\/li><\/ul><\/li><\/ul>\n","protected":false},"excerpt":{"rendered":"<p>Du bist neu im OL und m\u00f6chtest gerne schauen, wie das geht und was es dazu brauchts. Hier findest du das Wichtigste zusammengefasst: Flyer von Cordoba OLC Pers\u00f6nliche Ausr\u00fcstung f\u00fcr einen OL Die OL-Karte, das wichtigste Utensil f\u00fcr einen OL OL-Training sind auch in der Agenda Eine \u00dcbersicht aller OL-Trainings in der Region sowie der [&hellip;]<\/p>\n","protected":false},"author":18,"featured_media":0,"parent":10500,"menu_order":0,"comment_status":"closed","ping_status":"closed","template":"","meta":{"_mc_calendar":[]},"_links":{"self":[{"href":"https:\/\/www.olgcordoba.ch\/index.php\/wp-json\/wp\/v2\/pages\/10604"}],"collection":[{"href":"https:\/\/www.olgcordoba.ch\/index.php\/wp-json\/wp\/v2\/pages"}],"about":[{"href":"https:\/\/www.olgcordoba.ch\/index.php\/wp-json\/wp\/v2\/types\/page"}],"author":[{"embeddable":true,"href":"https:\/\/www.olgcordoba.ch\/index.php\/wp-json\/wp\/v2\/users\/18"}],"replies":[{"embeddable":true,"href":"https:\/\/www.olgcordoba.ch\/index.php\/wp-json\/wp\/v2\/comments?post=10604"}],"version-history":[{"count":24,"href":"https:\/\/www.olgcordoba.ch\/index.php\/wp-json\/wp\/v2\/pages\/10604\/revisions"}],"predecessor-version":[{"id":24052,"href":"https:\/\/www.olgcordoba.ch\/index.php\/wp-json\/wp\/v2\/pages\/10604\/revisions\/24052"}],"up":[{"embeddable":true,"href":"https:\/\/www.olgcordoba.ch\/index.php\/wp-json\/wp\/v2\/pages\/10500"}],"wp:attachment":[{"href":"https:\/\/www.olgcordoba.ch\/index.php\/wp-json\/wp\/v2\/media?parent=10604"}],"curies":[{"name":"wp","href":"https:\/\/api.w.org\/{rel}","templated":true}]}}