{"id":10613,"date":"2020-03-07T13:55:45","date_gmt":"2020-03-07T12:55:45","guid":{"rendered":"http:\/\/www.olgcordoba.ch\/?page_id=10613"},"modified":"2025-06-01T13:06:06","modified_gmt":"2025-06-01T11:06:06","slug":"schulen-scool","status":"publish","type":"page","link":"https:\/\/www.olgcordoba.ch\/index.php\/neu-auf-dieser-seite\/schulen-scool\/","title":{"rendered":"Schulen &#038; sCOOL"},"content":{"rendered":"\n<p>Cordoba OLC bietet vielf\u00e4ltige Unterst\u00fctzung f\u00fcr Schulen bei der Organisation von Orientierungslauf an. Sei es in Form von OL-Karten,  insbesondere von OL-Karten des Schulareals, von OL-Material aber auch in organisatorischer Hinsicht.<\/p>\n\n\n\n<div class=\"wp-block-image\"><figure class=\"alignright size-medium\"><a href=\"https:\/\/www.olgcordoba.ch\/wp-content\/uploads\/2020\/05\/2020_Schule_002.jpg\"><img loading=\"lazy\" width=\"225\" height=\"300\" src=\"https:\/\/www.olgcordoba.ch\/wp-content\/uploads\/2020\/05\/2020_Schule_002-225x300.jpg\" alt=\"\" class=\"wp-image-10777\" srcset=\"https:\/\/www.olgcordoba.ch\/wp-content\/uploads\/2020\/05\/2020_Schule_002-225x300.jpg 225w, https:\/\/www.olgcordoba.ch\/wp-content\/uploads\/2020\/05\/2020_Schule_002-768x1024.jpg 768w, https:\/\/www.olgcordoba.ch\/wp-content\/uploads\/2020\/05\/2020_Schule_002.jpg 1000w\" sizes=\"(max-width: 225px) 100vw, 225px\" \/><\/a><figcaption>Konzentriert an einem OL auf dem Schulhausareal<\/figcaption><\/figure><\/div>\n\n\n\n<ul><li>Unser Support f\u00fcr Schulen<ul><li>Die <a rel=\"noreferrer noopener\" href=\"https:\/\/de.wikipedia.org\/wiki\/Orientierungslaufkarte\" target=\"_blank\">OL-Karte<\/a>, das wichtigste Utensil f\u00fcr einen OL<\/li><li>Unsere <a href=\"https:\/\/www.olgcordoba.ch\/index.php\/neu-auf-dieser-seite\/ol-karten-2\/\">OL-Karten<\/a><ul><li><a href=\"https:\/\/www.olgcordoba.ch\/index.php\/scool-karten\/\">Schulhaus-OL-Karten<\/a><\/li><li><a href=\"https:\/\/www.olgcordoba.ch\/index.php\/ol-karten\/\">Wald- und Sprint (urban)-OL-Karten<\/a><\/li><\/ul><\/li><\/ul><ul><li><a href=\"https:\/\/www.olgcordoba.ch\/index.php\/ol-und-klubmaterial\/\">OL-Material<\/a><\/li><li><a aria-label=\"sCOOL (\u00f6ffnet in neuem Tab)\" rel=\"noreferrer noopener\" href=\"https:\/\/www.scool.ch\/de\/\" target=\"_blank\">sCOOL<\/a> ein OL Schulprojekt<\/li><\/ul><ul><li>Eine Etappe f\u00fcr sCOOL Tour de Suisse beantragen:<br>sCOOL-Etappen werden via OL-Vereine vermittelt und begleitet. Bitte melden sie sich beim Ressort <a href=\"mailto:Breitensport@olgcordoba.ch?subject=sCOOL-Etappe beantragen\">Breitensport<\/a>.<\/li><\/ul><\/li><li>Aargauer <a aria-label=\"sCOOL-Cup (\u00f6ffnet in neuem Tab)\" rel=\"noreferrer noopener\" href=\"https:\/\/scool-ag.jranking.ch\/\" target=\"_blank\">sCOOL-Cup<\/a><ul><li>Gegen Vorzeigen deiner Startnummer vom sCOOL Cup 2022 hast du die M\u00f6glichkeit, an einem der OL Wettk\u00e4mpfe im Aargau gratis zu starten. Mehr Infos dazu findest du auf der\u00a0<a rel=\"noreferrer noopener\" href=\"https:\/\/scoolcup.aolv.ch\/info_gratisstart.html\" target=\"_blank\">Homepage des sCOOL-Cup<\/a>.<\/li><\/ul><\/li><li>Weitergehende Angebote:<ul><li><a rel=\"noreferrer noopener\" href=\"https:\/\/www.olgcordoba.ch\/index.php\/ol-kurs\/\" target=\"_blank\">OL-Kurs<\/a> jeweils im Fr\u00fchling<\/li><\/ul><ul><li><a rel=\"noreferrer noopener\" href=\"https:\/\/city-ol.ch\/\" target=\"_blank\">City-OL<\/a><\/li><\/ul><\/li><\/ul>\n\n\n\n<div class=\"wp-block-image\"><figure class=\"alignright size-medium\"><a href=\"https:\/\/www.olgcordoba.ch\/wp-content\/uploads\/2020\/05\/2020_Schule_001.jpg\"><img loading=\"lazy\" width=\"300\" height=\"205\" src=\"https:\/\/www.olgcordoba.ch\/wp-content\/uploads\/2020\/05\/2020_Schule_001-300x205.jpg\" alt=\"\" class=\"wp-image-10778\" srcset=\"https:\/\/www.olgcordoba.ch\/wp-content\/uploads\/2020\/05\/2020_Schule_001-300x205.jpg 300w, https:\/\/www.olgcordoba.ch\/wp-content\/uploads\/2020\/05\/2020_Schule_001-768x525.jpg 768w, https:\/\/www.olgcordoba.ch\/wp-content\/uploads\/2020\/05\/2020_Schule_001.jpg 1000w\" sizes=\"(max-width: 300px) 100vw, 300px\" \/><\/a><figcaption>Gespanntes zuh\u00f6ren bei der Instruktionen an einer sCOOL Tour de Suisse Etappe<\/figcaption><\/figure><\/div>\n\n\n\n<ul><li>Unsere Wettk\u00e4mpfe:<ul><li><a href=\"http:\/\/www.badener-ol.ch\/\">Badener-OL<\/a><\/li><li><a href=\"http:\/\/zurzacher-ol.ch\/\">Zurzacher-OL<\/a><\/li><li><a rel=\"noreferrer noopener\" href=\"https:\/\/www.3days.ch\/\" target=\"_blank\">3-Tage-OL 2019<\/a><\/li><\/ul><\/li><li><a href=\"https:\/\/www.olgcordoba.ch\/wp-content\/uploads\/2025\/06\/2025_Cordoba-Flyer.pdf\" data-type=\"URL\" data-id=\"https:\/\/www.olgcordoba.ch\/wp-content\/uploads\/2025\/06\/2025_Cordoba-Flyer.pdf\" target=\"_blank\" rel=\"noreferrer noopener\">Flyer <\/a>von Cordoba OLC<\/li><li>Weitergehende Fragen zum Thema OL an der Schule und sCOOL beantwortet unser Ressort <a rel=\"noreferrer noopener\" href=\"mailto:Breitensport@olgcordoba.ch?subject=CORDOBA%20Breitensport\" target=\"_blank\">Breitensport <\/a>gerne. <\/li><\/ul>\n","protected":false},"excerpt":{"rendered":"<p>Cordoba OLC bietet vielf\u00e4ltige Unterst\u00fctzung f\u00fcr Schulen bei der Organisation von Orientierungslauf an. Sei es in Form von OL-Karten, insbesondere von OL-Karten des Schulareals, von OL-Material aber auch in organisatorischer Hinsicht. Unser Support f\u00fcr Schulen Die OL-Karte, das wichtigste Utensil f\u00fcr einen OL Unsere OL-Karten Schulhaus-OL-Karten Wald- und Sprint (urban)-OL-Karten OL-Material sCOOL ein OL Schulprojekt [&hellip;]<\/p>\n","protected":false},"author":18,"featured_media":0,"parent":10500,"menu_order":0,"comment_status":"closed","ping_status":"closed","template":"","meta":{"_mc_calendar":[]},"_links":{"self":[{"href":"https:\/\/www.olgcordoba.ch\/index.php\/wp-json\/wp\/v2\/pages\/10613"}],"collection":[{"href":"https:\/\/www.olgcordoba.ch\/index.php\/wp-json\/wp\/v2\/pages"}],"about":[{"href":"https:\/\/www.olgcordoba.ch\/index.php\/wp-json\/wp\/v2\/types\/page"}],"author":[{"embeddable":true,"href":"https:\/\/www.olgcordoba.ch\/index.php\/wp-json\/wp\/v2\/users\/18"}],"replies":[{"embeddable":true,"href":"https:\/\/www.olgcordoba.ch\/index.php\/wp-json\/wp\/v2\/comments?post=10613"}],"version-history":[{"count":32,"href":"https:\/\/www.olgcordoba.ch\/index.php\/wp-json\/wp\/v2\/pages\/10613\/revisions"}],"predecessor-version":[{"id":24061,"href":"https:\/\/www.olgcordoba.ch\/index.php\/wp-json\/wp\/v2\/pages\/10613\/revisions\/24061"}],"up":[{"embeddable":true,"href":"https:\/\/www.olgcordoba.ch\/index.php\/wp-json\/wp\/v2\/pages\/10500"}],"wp:attachment":[{"href":"https:\/\/www.olgcordoba.ch\/index.php\/wp-json\/wp\/v2\/media?parent=10613"}],"curies":[{"name":"wp","href":"https:\/\/api.w.org\/{rel}","templated":true}]}}