{"id":10619,"date":"2020-03-07T13:58:20","date_gmt":"2020-03-07T12:58:20","guid":{"rendered":"http:\/\/www.olgcordoba.ch\/?page_id=10619"},"modified":"2025-06-01T12:59:03","modified_gmt":"2025-06-01T10:59:03","slug":"ol-umwelt","status":"publish","type":"page","link":"https:\/\/www.olgcordoba.ch\/index.php\/neu-auf-dieser-seite\/ol-umwelt\/","title":{"rendered":"OL &#038; Umwelt"},"content":{"rendered":"\n<p>Der OL findet draussen statt, insbesondere im Wald. Wir sind Gast im Wald zusammen mit viel anderen Waldbenutzer und wir nehmen R\u00fccksicht auf Fauna und Flora sowie die andern Waldbenutzer .<\/p>\n\n\n\n<div class=\"wp-block-image\"><figure class=\"alignright size-medium\"><a href=\"https:\/\/www.olgcordoba.ch\/wp-content\/uploads\/2020\/05\/2020_Hirsch.jpg\"><img loading=\"lazy\" width=\"300\" height=\"200\" src=\"https:\/\/www.olgcordoba.ch\/wp-content\/uploads\/2020\/05\/2020_Hirsch-300x200.jpg\" alt=\"\" class=\"wp-image-10813\" srcset=\"https:\/\/www.olgcordoba.ch\/wp-content\/uploads\/2020\/05\/2020_Hirsch-300x200.jpg 300w, https:\/\/www.olgcordoba.ch\/wp-content\/uploads\/2020\/05\/2020_Hirsch.jpg 500w\" sizes=\"(max-width: 300px) 100vw, 300px\" \/><\/a><figcaption>Viele interessante Begegnung sind an einem OL im Wald m\u00f6glich<\/figcaption><\/figure><\/div>\n\n\n\n<ul><li><a aria-label=\"Merkblatt Waldben\u00fctzung (\u00f6ffnet in neuem Tab)\" rel=\"noreferrer noopener\" href=\"https:\/\/www.olgcordoba.ch\/wp-content\/uploads\/2016\/10\/Merkblatt_Training-OL.pdf\" target=\"_blank\">Merkblatt Waldben\u00fctzung<\/a>  an Trainings-OL<\/li><li>Das Thema Waldben\u00fctzung wird von den lokalen Vereinen, dem AOLV und von <a rel=\"noreferrer noopener\" aria-label=\" (\u00f6ffnet in neuem Tab)\" href=\"https:\/\/www.swiss-orienteering.ch\/files\/broschueren\/ol-und-umwelt_de.pdf\" target=\"_blank\">Swiss Orienteering<\/a> gross geschrieben. Beim <a rel=\"noreferrer noopener\" aria-label=\" (\u00f6ffnet in neuem Tab)\" href=\"https:\/\/www.swiss-orienteering.ch\/de\/bereiche\/technik\/ol-und-umwelt\/uebersicht.html\" target=\"_blank\">Schweizer Verband<\/a> wie auch beim <u><font color=\"#000117\"><a rel=\"noreferrer noopener\" aria-label=\" (\u00f6ffnet in neuem Tab)\" href=\"https:\/\/www.aargauerol.ch\/verband\/vorstand\" target=\"_blank\">AOLV<\/a><\/font><\/u> gibt es  ein selbst\u00e4ndiges Ressort.<\/li><li>Bereits bei der Kartenaufnahme und ganz besonders bei der Bahnlegung werden spezielle Vorkehrungen getroffen um bei einem OL Fauna und Flora zu schonen. So besteht seit dem 1. Januar 1995 eine <a aria-label=\"Vereinbarung  (\u00f6ffnet in neuem Tab)\" rel=\"noreferrer noopener\" href=\"https:\/\/www.olgcordoba.ch\/wp-content\/uploads\/2020\/07\/2020_Vereinbarung_AOLV_mit_AJV.pdf\" target=\"_blank\">Vereinbarung <\/a>zwischen dem <a aria-label=\"AJV &quot;Aargauer Jagdverband&quot; (\u00f6ffnet in neuem Tab)\" rel=\"noreferrer noopener\" href=\"https:\/\/ajv.ch\/\" target=\"_blank\">AJV &#8220;Aargauer Jagdverband&#8221;<\/a> und dem <a aria-label=\"AOLV &quot;Aargauer OL-Verband&quot; (\u00f6ffnet in neuem Tab)\" rel=\"noreferrer noopener\" href=\"https:\/\/www.aargauerol.ch\/\" target=\"_blank\">AOLV &#8220;Aargauer OL-Verband&#8221;<\/a>.<\/li><li>Im OL bewegen wir uns im Wald, an Waldr\u00e4ndern und Wiesen. Dies sind auch die bevorzugten Aufenthaltsgebiete von <a aria-label=\"Zecken (\u00f6ffnet in neuem Tab)\" rel=\"noreferrer noopener\" href=\"https:\/\/zecken-stich.ch\/\" target=\"_blank\">Zecken<\/a>. Mit einigen wenigen Massnahmen kann man sich gut gegen die von <a aria-label=\"Zecken  (\u00f6ffnet in neuem Tab)\" rel=\"noreferrer noopener\" href=\"http:\/\/www.zeckenliga.ch\/wissen\/praevention\/index.html\" target=\"_blank\">Zecken <\/a>ausgel\u00f6sten Erkrankungen sch\u00fctzen.<\/li><li><a href=\"https:\/\/www.olgcordoba.ch\/wp-content\/uploads\/2025\/06\/2025_Cordoba-Flyer.pdf\" data-type=\"URL\" data-id=\"https:\/\/www.olgcordoba.ch\/wp-content\/uploads\/2025\/06\/2025_Cordoba-Flyer.pdf\" target=\"_blank\" rel=\"noreferrer noopener\">Flyer <\/a>von Cordoba OLC<\/li><\/ul>\n","protected":false},"excerpt":{"rendered":"<p>Der OL findet draussen statt, insbesondere im Wald. Wir sind Gast im Wald zusammen mit viel anderen Waldbenutzer und wir nehmen R\u00fccksicht auf Fauna und Flora sowie die andern Waldbenutzer . Merkblatt Waldben\u00fctzung an Trainings-OL Das Thema Waldben\u00fctzung wird von den lokalen Vereinen, dem AOLV und von Swiss Orienteering gross geschrieben. Beim Schweizer Verband wie [&hellip;]<\/p>\n","protected":false},"author":18,"featured_media":0,"parent":10500,"menu_order":0,"comment_status":"closed","ping_status":"closed","template":"","meta":{"_mc_calendar":[]},"_links":{"self":[{"href":"https:\/\/www.olgcordoba.ch\/index.php\/wp-json\/wp\/v2\/pages\/10619"}],"collection":[{"href":"https:\/\/www.olgcordoba.ch\/index.php\/wp-json\/wp\/v2\/pages"}],"about":[{"href":"https:\/\/www.olgcordoba.ch\/index.php\/wp-json\/wp\/v2\/types\/page"}],"author":[{"embeddable":true,"href":"https:\/\/www.olgcordoba.ch\/index.php\/wp-json\/wp\/v2\/users\/18"}],"replies":[{"embeddable":true,"href":"https:\/\/www.olgcordoba.ch\/index.php\/wp-json\/wp\/v2\/comments?post=10619"}],"version-history":[{"count":15,"href":"https:\/\/www.olgcordoba.ch\/index.php\/wp-json\/wp\/v2\/pages\/10619\/revisions"}],"predecessor-version":[{"id":24055,"href":"https:\/\/www.olgcordoba.ch\/index.php\/wp-json\/wp\/v2\/pages\/10619\/revisions\/24055"}],"up":[{"embeddable":true,"href":"https:\/\/www.olgcordoba.ch\/index.php\/wp-json\/wp\/v2\/pages\/10500"}],"wp:attachment":[{"href":"https:\/\/www.olgcordoba.ch\/index.php\/wp-json\/wp\/v2\/media?parent=10619"}],"curies":[{"name":"wp","href":"https:\/\/api.w.org\/{rel}","templated":true}]}}