{"id":10631,"date":"2020-03-07T14:02:23","date_gmt":"2020-03-07T13:02:23","guid":{"rendered":"http:\/\/www.olgcordoba.ch\/?page_id=10631"},"modified":"2025-06-01T13:04:51","modified_gmt":"2025-06-01T11:04:51","slug":"kontakt-2","status":"publish","type":"page","link":"https:\/\/www.olgcordoba.ch\/index.php\/neu-auf-dieser-seite\/kontakt-2\/","title":{"rendered":"Kontakt"},"content":{"rendered":"\n<p>Fragen im Zusammenhang mit OL k\u00f6nnen jeder Zeit an das entsprechende <a href=\"https:\/\/www.olgcordoba.ch\/index.php\/vorstand\/\">Ressort <\/a>oder direkt ans <a href=\"mailto:vorstand@olgcordoba.ch?subject=OLG%20CORDOBA%20Vorstand\">Pr\u00e4sidium <\/a>von Cordoba OLC gerichtet werden<\/p>\n\n\n\n<ul><li>Wichtige eMail-Kontakte:<br>F\u00fcr Fragen stehen wir gerne zur Verf\u00fcgung.<ul><li><a href=\"mailto:vorstand@olgcordoba.ch?subject=OLG%20CORDOBA%20Vorstand\">Pr\u00e4sidium<\/a><\/li><li><a href=\"mailto:Breitensport@olgcordoba.ch?subject=OLG CORDOBA%20Breitensport\">Breitensport<\/a><\/li><\/ul><\/li><li>Ich m\u00f6chte <a href=\"mailto:vorstand@olgcordoba.ch?subject=CORDOBA OLC - Ich m\u00f6chte Mitglied werden\" data-type=\"mailto\" data-id=\"mailto:vorstand@olgcordoba.ch?subject=CORDOBA OLC - Ich m\u00f6chte Mitglied werden\">Mitglied Cordoba OLC<\/a> werden.<\/li><li><a href=\"https:\/\/www.olgcordoba.ch\/index.php\/portrait\/\" data-type=\"URL\" data-id=\"https:\/\/www.olgcordoba.ch\/index.php\/portrait\/\">Cordoba OLC<\/a> \u2013 wer sind wir?<\/li><li>Der <a href=\"https:\/\/www.olgcordoba.ch\/index.php\/vorstand\/\">Vorstand mit den Ressorts<\/a><\/li><li><a href=\"https:\/\/www.olgcordoba.ch\/wp-content\/uploads\/2025\/06\/2025_Cordoba-Flyer.pdf\" data-type=\"URL\" data-id=\"https:\/\/www.olgcordoba.ch\/wp-content\/uploads\/2025\/06\/2025_Cordoba-Flyer.pdf\" target=\"_blank\" rel=\"noreferrer noopener\">Flyer <\/a>von Cordoba OLC<\/li><\/ul>\n\n\n\n<p><\/p>\n","protected":false},"excerpt":{"rendered":"<p>Fragen im Zusammenhang mit OL k\u00f6nnen jeder Zeit an das entsprechende Ressort oder direkt ans Pr\u00e4sidium von Cordoba OLC gerichtet werden Wichtige eMail-Kontakte:F\u00fcr Fragen stehen wir gerne zur Verf\u00fcgung. Pr\u00e4sidium Breitensport Ich m\u00f6chte Mitglied Cordoba OLC werden. Cordoba OLC \u2013 wer sind wir? Der Vorstand mit den Ressorts Flyer von Cordoba OLC<\/p>\n","protected":false},"author":18,"featured_media":0,"parent":10500,"menu_order":0,"comment_status":"closed","ping_status":"closed","template":"","meta":{"_mc_calendar":[]},"_links":{"self":[{"href":"https:\/\/www.olgcordoba.ch\/index.php\/wp-json\/wp\/v2\/pages\/10631"}],"collection":[{"href":"https:\/\/www.olgcordoba.ch\/index.php\/wp-json\/wp\/v2\/pages"}],"about":[{"href":"https:\/\/www.olgcordoba.ch\/index.php\/wp-json\/wp\/v2\/types\/page"}],"author":[{"embeddable":true,"href":"https:\/\/www.olgcordoba.ch\/index.php\/wp-json\/wp\/v2\/users\/18"}],"replies":[{"embeddable":true,"href":"https:\/\/www.olgcordoba.ch\/index.php\/wp-json\/wp\/v2\/comments?post=10631"}],"version-history":[{"count":15,"href":"https:\/\/www.olgcordoba.ch\/index.php\/wp-json\/wp\/v2\/pages\/10631\/revisions"}],"predecessor-version":[{"id":24060,"href":"https:\/\/www.olgcordoba.ch\/index.php\/wp-json\/wp\/v2\/pages\/10631\/revisions\/24060"}],"up":[{"embeddable":true,"href":"https:\/\/www.olgcordoba.ch\/index.php\/wp-json\/wp\/v2\/pages\/10500"}],"wp:attachment":[{"href":"https:\/\/www.olgcordoba.ch\/index.php\/wp-json\/wp\/v2\/media?parent=10631"}],"curies":[{"name":"wp","href":"https:\/\/api.w.org\/{rel}","templated":true}]}}