{"id":12308,"date":"2021-02-16T19:12:31","date_gmt":"2021-02-16T18:12:31","guid":{"rendered":"http:\/\/www.olgcordoba.ch\/?page_id=12308"},"modified":"2023-01-09T17:13:08","modified_gmt":"2023-01-09T16:13:08","slug":"scool-karten","status":"publish","type":"page","link":"https:\/\/www.olgcordoba.ch\/index.php\/scool-karten\/","title":{"rendered":"sCOOL Karten"},"content":{"rendered":"\n<p>Cordoba OLC hat eine grosse Anzahl\u00a0<a rel=\"noreferrer noopener\" href=\"http:\/\/www.scool.ch\/\" target=\"_blank\">sCOOL<\/a>-OL-Karten von Sport- und Schulanlagen, die  gratis als PDF- oder OCAD-Datei heruntergeladen und f\u00fcr nichtkommerzielle Schul- und Sportprojekte unentgeltlich verwendet werden d\u00fcrfen.<br>Schularealkarten eignen sich ideal zur Einf\u00fchrung in den OL-Sport. Spielerisch kann das Prinzip der Karte als verkleinertes Abbild der Umgebung in der vertrauten Umgebung des Schulareals eingef\u00fchrt und ge\u00fcbt werden.<br>Auf der \u00dcbersichtskarte sind alle bestehend sCOOL-Karten im Vereinsgebiet von Cordoba OLC markiert.<\/p>\n\n\n\n<p>Um die OCAD-Datei zu \u00f6ffnen, muss die Kartografie-Software OCAD installiert sein. Der kostenlose <a rel=\"noreferrer noopener\" href=\"https:\/\/www.ocad.com\/de\/viewer\/\" data-type=\"URL\" data-id=\"https:\/\/www.ocad.com\/de\/viewer\/\" target=\"_blank\">OCAD-Viewer<\/a>&nbsp;kann zum Anschauen der OL-Karte im OCAD-Format verwendet werden.<br>Um die OL-Bahnen in OCAD zu legen, wird eine Lizenz des <a rel=\"noreferrer noopener\" href=\"https:\/\/www.ocad.com\/de\/ocad-course-setting\/\" data-type=\"URL\" data-id=\"https:\/\/www.ocad.com\/de\/ocad-course-setting\/\" target=\"_blank\">Bahnlegermodules von OCAD<\/a> ben\u00f6tigt.<\/p>\n\n\n\n<p>Ist Ihre Schulareal noch nicht kartiert? Ist die Karte veraltet und stimmt nicht mehr? Bitte wenden Sie sich an unser <a rel=\"noreferrer noopener\" href=\"mailto:breitensport@olgcordoba.ch?subject=sCOOL-Karten\" target=\"_blank\">Ressort Breitensport<\/a>, wenn sie auf ihrem Schulhausareal eine \u00dcberarbeitung oder eine neue Karte w\u00fcnschen. Wir helfen ihnen gerne weiter.<\/p>\n\n\n\n<div><iframe loading=\"lazy\" src=\"https:\/\/olgcordoba.hardstrasse.ch\/map.html\" height=\"1000\" width=\"1000\"><br \/>\n   <a href=\"iframe.html\"> sandbox=&#8221;&#8221; frameborder = &#8220;0&#8221;<\/a><br \/><\/iframe> <\/div>\n\n\n\n<p><br>Die Rechte an den Karten bleiben bei Cordoba OLC. Es ist verboten die OCAD-Dateien zu \u00e4ndern.<\/p>\n","protected":false},"excerpt":{"rendered":"<p>Cordoba OLC hat eine grosse Anzahl\u00a0sCOOL-OL-Karten von Sport- und Schulanlagen, die gratis als PDF- oder OCAD-Datei heruntergeladen und f\u00fcr nichtkommerzielle Schul- und Sportprojekte unentgeltlich verwendet werden d\u00fcrfen.Schularealkarten eignen sich ideal zur Einf\u00fchrung in den OL-Sport. Spielerisch kann das Prinzip der Karte als verkleinertes Abbild der Umgebung in der vertrauten Umgebung des Schulareals eingef\u00fchrt und ge\u00fcbt [&hellip;]<\/p>\n","protected":false},"author":18,"featured_media":0,"parent":0,"menu_order":0,"comment_status":"closed","ping_status":"closed","template":"page-fullwidth.php","meta":{"_mc_calendar":[]},"_links":{"self":[{"href":"https:\/\/www.olgcordoba.ch\/index.php\/wp-json\/wp\/v2\/pages\/12308"}],"collection":[{"href":"https:\/\/www.olgcordoba.ch\/index.php\/wp-json\/wp\/v2\/pages"}],"about":[{"href":"https:\/\/www.olgcordoba.ch\/index.php\/wp-json\/wp\/v2\/types\/page"}],"author":[{"embeddable":true,"href":"https:\/\/www.olgcordoba.ch\/index.php\/wp-json\/wp\/v2\/users\/18"}],"replies":[{"embeddable":true,"href":"https:\/\/www.olgcordoba.ch\/index.php\/wp-json\/wp\/v2\/comments?post=12308"}],"version-history":[{"count":79,"href":"https:\/\/www.olgcordoba.ch\/index.php\/wp-json\/wp\/v2\/pages\/12308\/revisions"}],"predecessor-version":[{"id":17689,"href":"https:\/\/www.olgcordoba.ch\/index.php\/wp-json\/wp\/v2\/pages\/12308\/revisions\/17689"}],"wp:attachment":[{"href":"https:\/\/www.olgcordoba.ch\/index.php\/wp-json\/wp\/v2\/media?parent=12308"}],"curies":[{"name":"wp","href":"https:\/\/api.w.org\/{rel}","templated":true}]}}