{"id":1548,"date":"2016-10-02T16:41:38","date_gmt":"2016-10-02T14:41:38","guid":{"rendered":"http:\/\/preview-web01.140466.aweb.preview-site.ch\/?page_id=1548"},"modified":"2022-10-21T11:10:28","modified_gmt":"2022-10-21T09:10:28","slug":"treslag-staffel","status":"publish","type":"page","link":"https:\/\/www.olgcordoba.ch\/index.php\/historie\/treslag-staffel\/","title":{"rendered":"Treslag-Staffel"},"content":{"rendered":"\n<p>Eine feste Institution!<\/p>\n\n\n\n<p>Die Treslag-Staffel ist zur festen Institution im Schweizer OL-Zirkus geworden. Im Bruggerberg wurde diese spezielle Staffel (3 L\u00e4uferInnen laufen je 2 Strecken) 1976 zum ersten Mal durchgef\u00fchrt. Organisiert wird die Staffel&nbsp;jedes Jahr&nbsp;vom CORDOBA Junior Team, was ganz sicher eine besondere Anerkennung verdient. Alle paar Jahre wird die Verantwortung an die n\u00e4chste Generation Junioren weitergegeben.<\/p>\n\n\n\n<p>Unterdessen hat die Treslag-Staffel ihren festen Termin im ansonsten OL-losen Januar (dies hat sich in den Zeiten von Stadt- und Ski-OLs allerdings ein wenig gewandelt) und ist gerade deshalb ein beliebter Anlass vorab in der Deutschschweiz. Auch die Schweizer Topathleten treffen sich hier allj\u00e4hrlich zu einem ersten Kr\u00e4ftemessen und honorieren damit die Anstrengungen der jugendlichen Organisatoren. Trotz der un\u00fcblichen Jahreszeit mussten bisher nur zwei geplante Austragungen abgesagt werden.<\/p>\n\n\n\n<p>Die Treslag-Staffel wurde als eigenst\u00e4ndige und eigenwillige Veranstaltung der jungen Cordobanerinnen und Cordobaner ins Leben gerufen. Sie wollten damit dokumentieren, dass sie ohne Erwachsene im Stande waren, einen Anlass ohne Pannen zu organisieren. Anf\u00e4ngliche Skepsis f\u00fchrte dazu, dass \u00fcber viele Jahre keine Teams unter dem Namen der OLG Cordoba starteten. Inzwischen ist es f\u00fcr einen Cordobaner Ehrensache, dem Clubnachwuchs in Form einer Teilnahme die verdiente Anerkennung zu erweisen.<\/p>\n\n\n\n<p>Der Name &#8220;Treslag&#8221; wurde von Brigitta Zumsteg und Christian Biland entworfen. Damals gab es verschiedene Staffelsysteme mit skandinavischen Namen und sie wollten daher einen &#8220;schwedisch&#8221; klingenden Namen entwickeln. So entstand schliesslich aus &#8220;Drei&#8221; und &#8220;Mannschaft&#8221; &#8211; schwedisch &#8220;Tre&#8221; und &#8220;Lag&#8221; &#8211; eben &#8220;Trelag&#8221; und weil das nicht so gut t\u00f6nte, haben sie das wie bei &#8220;Land&#8221; und &#8220;Mannschaft&#8221; &#8211; schwedisch &#8220;Landslag&#8221; &#8211; eben auch mit einem &#8220;s&#8221; verbunden: &#8220;Treslag&#8221;.<\/p>\n\n\n\n<table id=\"tablepress-11\" class=\"tablepress tablepress-id-11\">\n<thead>\n<tr class=\"row-1\">\n\t<th class=\"column-1\">Jahr<\/th><th class=\"column-2\">Laufleiter<\/th><th class=\"column-3\">Laufgebiet<\/th>\n<\/tr>\n<\/thead>\n<tbody>\n<tr class=\"row-2\">\n\t<td class=\"column-1\">1976<br \/>\n1977<br \/>\n1978<\/td><td class=\"column-2\">Hans Baumann, Christian Biland<\/td><td class=\"column-3\">Bruggerberg \/ Riniken<br \/>\nT\u00e4gerhard-Gmeumeri \/ W\u00fcrenlos<br \/>\nHabsburgwald \/ Hausen<\/td>\n<\/tr>\n<tr class=\"row-3\">\n\t<td class=\"column-1\">1979<\/td><td class=\"column-2\">Guido B\u00e4chli<\/td><td class=\"column-3\">R\u00fcsler<\/td>\n<\/tr>\n<tr class=\"row-4\">\n\t<td class=\"column-1\">1980<br \/>\n1981<br \/>\n1982<br \/>\n1983<br \/>\n1984<br \/>\n1985<\/td><td class=\"column-2\">Martin Oppliger<\/td><td class=\"column-3\">Bruggerberg \/ Riniken<br \/>\nBuechberg \/ Niederrohrdorf<br \/>\nEigi-Wettingen (abgesagt: Eisregen)<br \/>\nEigi-Wettingen \/ Pfadiheim<br \/>\nBaldegg-Horn \/ Segelhof<br \/>\nSiggenberg Ost \/ Ebnihof<\/td>\n<\/tr>\n<tr class=\"row-5\">\n\t<td class=\"column-1\">1986<br \/>\n1987<\/td><td class=\"column-2\">Volker Pribnow<\/td><td class=\"column-3\">Achenberg<br \/>\nEigi \/ Wettingen<\/td>\n<\/tr>\n<tr class=\"row-6\">\n\t<td class=\"column-1\">1988<br \/>\n1989<br \/>\n1990<br \/>\n1991<\/td><td class=\"column-2\">Thomas B\u00fchrer<\/td><td class=\"column-3\">Bruggerberg \/ Riniken<br \/>\nSommerhalde \/ R\u00fctihof<br \/>\nUnterwald-Beznau \/ PSI<br \/>\nSiggenberg Ost \/ Freienwil<\/td>\n<\/tr>\n<tr class=\"row-7\">\n\t<td class=\"column-1\">1992<br \/>\n1993<\/td><td class=\"column-2\">Lukas Erne<\/td><td class=\"column-3\">Oedenholz \/ Hettenschwil<br \/>\nChestenberg<\/td>\n<\/tr>\n<tr class=\"row-8\">\n\t<td class=\"column-1\">1994<br \/>\n1995<br \/>\n1996<\/td><td class=\"column-2\">Beat Berger<\/td><td class=\"column-3\">Iberg \/ Riniken<br \/>\nUnterwald-Beznau \/ D\u00f6ttingen<br \/>\nBruggerberg<\/td>\n<\/tr>\n<tr class=\"row-9\">\n\t<td class=\"column-1\">1997<br \/>\n1998<\/td><td class=\"column-2\">Matthias Grimm<\/td><td class=\"column-3\">Baldegg-Horn \/ Segelhof<br \/>\nSiggenberg West \/ Untersiggenthal<\/td>\n<\/tr>\n<tr class=\"row-10\">\n\t<td class=\"column-1\">1999<\/td><td class=\"column-2\">Beat Berger<\/td><td class=\"column-3\">Iberg \/ Riniken<\/td>\n<\/tr>\n<tr class=\"row-11\">\n\t<td class=\"column-1\">2000<br \/>\n2001<br \/>\n2002<br \/>\n2003<\/td><td class=\"column-2\">Stefan Zwicky<\/td><td class=\"column-3\">Beznau (abgesagt: Sturm Lothar)<br \/>\nUnterwald-Beznau \/ PSI<br \/>\nSiggenberg Ost \/ Freienwil<br \/>\nSennhof-Oedenholz \/ Mettau<\/td>\n<\/tr>\n<tr class=\"row-12\">\n\t<td class=\"column-1\">2004<\/td><td class=\"column-2\">Leonhard Suter<\/td><td class=\"column-3\">Eigi \/ Wettingen<\/td>\n<\/tr>\n<tr class=\"row-13\">\n\t<td class=\"column-1\">2005<br \/>\n2006<br \/>\n2007<br \/>\n2008<\/td><td class=\"column-2\">Rebekka Suter<\/td><td class=\"column-3\">Buechberg \/ Niederrohrdorf<br \/>\nBaldegg-Horn \/ M\u00fcnzlishausen<br \/>\nBruggerberg<br \/>\nTalhau \/ Stetten<\/td>\n<\/tr>\n<tr class=\"row-14\">\n\t<td class=\"column-1\">2009<br \/>\n2010<br \/>\n2011<br \/>\n2012<\/td><td class=\"column-2\">Severin Oppliger<\/td><td class=\"column-3\">Unterwald-Beznau \/ W\u00fcrenlingen<br \/>\nSiggenberg West \/ Untersiggenthal<br \/>\nSummerhalde-Sch\u00f6nert \/ M\u00fcslen-Birmenstorf<br \/>\nIberg-Riniken \/ Riniken<\/td>\n<\/tr>\n<tr class=\"row-15\">\n\t<td class=\"column-1\">2013<br \/>\n2014<\/td><td class=\"column-2\">Fabian N\u00e4f<\/td><td class=\"column-3\">G\u00fcllenhau &amp; Boowald \/ B\u00f6bikon<br \/>\n\u00d6denholz Ost \/ Hettenschwil<\/td>\n<\/tr>\n<\/tbody>\n<\/table>\n<!-- #tablepress-11 from cache -->\n","protected":false},"excerpt":{"rendered":"<p>Eine feste Institution! Die Treslag-Staffel ist zur festen Institution im Schweizer OL-Zirkus geworden. Im Bruggerberg wurde diese spezielle Staffel (3 L\u00e4uferInnen laufen je 2 Strecken) 1976 zum ersten Mal durchgef\u00fchrt. Organisiert wird die Staffel&nbsp;jedes Jahr&nbsp;vom CORDOBA Junior Team, was ganz sicher eine besondere Anerkennung verdient. Alle paar Jahre wird die Verantwortung an die n\u00e4chste Generation [&hellip;]<\/p>\n","protected":false},"author":18,"featured_media":0,"parent":158,"menu_order":0,"comment_status":"closed","ping_status":"closed","template":"","meta":{"_mc_calendar":[]},"_links":{"self":[{"href":"https:\/\/www.olgcordoba.ch\/index.php\/wp-json\/wp\/v2\/pages\/1548"}],"collection":[{"href":"https:\/\/www.olgcordoba.ch\/index.php\/wp-json\/wp\/v2\/pages"}],"about":[{"href":"https:\/\/www.olgcordoba.ch\/index.php\/wp-json\/wp\/v2\/types\/page"}],"author":[{"embeddable":true,"href":"https:\/\/www.olgcordoba.ch\/index.php\/wp-json\/wp\/v2\/users\/18"}],"replies":[{"embeddable":true,"href":"https:\/\/www.olgcordoba.ch\/index.php\/wp-json\/wp\/v2\/comments?post=1548"}],"version-history":[{"count":3,"href":"https:\/\/www.olgcordoba.ch\/index.php\/wp-json\/wp\/v2\/pages\/1548\/revisions"}],"predecessor-version":[{"id":17037,"href":"https:\/\/www.olgcordoba.ch\/index.php\/wp-json\/wp\/v2\/pages\/1548\/revisions\/17037"}],"up":[{"embeddable":true,"href":"https:\/\/www.olgcordoba.ch\/index.php\/wp-json\/wp\/v2\/pages\/158"}],"wp:attachment":[{"href":"https:\/\/www.olgcordoba.ch\/index.php\/wp-json\/wp\/v2\/media?parent=1548"}],"curies":[{"name":"wp","href":"https:\/\/api.w.org\/{rel}","templated":true}]}}