{"id":1559,"date":"2016-10-02T18:10:04","date_gmt":"2016-10-02T16:10:04","guid":{"rendered":"http:\/\/preview-web01.140466.aweb.preview-site.ch\/?page_id=1559"},"modified":"2016-10-02T18:10:04","modified_gmt":"2016-10-02T16:10:04","slug":"treslag-staffel-jubilaeumsstaffel-2016","status":"publish","type":"page","link":"https:\/\/www.olgcordoba.ch\/index.php\/historie\/treslag-staffel-jubilaeumsstaffel-2016\/","title":{"rendered":"Treslag-Staffel Jubil\u00e4umsstaffel 2016"},"content":{"rendered":"<h3>Vom exklusiven Winteranlass zu einem unter vielen<\/h3>\n<p><em>Orientierungslauf 30. Austragung der Treslagstaffel in M\u00fcnzlihausen bei Baden<\/em><\/p>\n<p>W\u00e4hrend Jahren war die Treslagstaffel ein exklusiver Anlass. An ihr er\u00f6ffnete die OL-Schweiz jeden Januar die Saison. Heute ist es ein winterlicher Orientierungslauf unter vielen.<\/p>\n<p>Patrick Zehnder<\/p>\n<p>1973 gr\u00fcndeten die Orientierungslaufpioniere im Ostaargau die OL-Gruppe Cordoba. Und schon kurz danach erlebte sie einen Generationenkonflikt. Die \u201ejungen Wilden\u201c um Hans Baumann und Christian Biland organisierten im Januar 1976 auf dem Bruggerberg die erste Treslagstaffel. Das Laufkonzept mit drei L\u00e4uferinnen oder L\u00e4ufern, die je zwei Strecken zu absolvieren hatten, hatten sie im Nachwuchskader Aargau Ost kennen gelernt. Die erste Austragung hatte Erfolg. Das blieb bis zur 30. Austragung in diesem Jahr so. Elf Laufleiter stellten in dieser Zeit in ebenso vielen Ostaargauer Gel\u00e4nden interessante Staffelbewerbe auf die Beine. Zweimal musste der Wettkampf abgesagt werden. 1982 verunm\u00f6glichte ein Eisregen sicheres Laufen im Eigi bei Wettingen. 2000 wirkte der unselige Wirbelsturm \u201eLothar\u201c nach, der aus Teilen des Unterwalds bei W\u00fcrenlingen Kleinholz machte.<\/p>\n<p>Mit der seit letztem Jahr als Laufleiterin amtierenden Rebekka Suter aus T\u00e4gerig steht erstmals eine Frau an der Spitze des jugendlichen Organisationskomitees. Denn ist Jugend ist Programm bei der Treslagstaffel. Seit den Anf\u00e4ngen zeichnet die \u201eJugendabteilung\u201c verantwortlich. Heute tut dies das \u201eJunior Team\u201c im erfolgreichen G\u00f6ttisystem. Den Jugendlichen und Kindern steht in jeder Funktion ein erfahreneres Klubmitglied zur Seite, um bei schwierigen Situationen beratend einzugreifen. Die OL-Gruppe Cordoba zieht daraus den direkten Nutzen, dass k\u00fcnftige Funktion\u00e4re schon fr\u00fch gef\u00f6rdert werden. Beispielsweise stand der nachmalige mehrfache Weltmeister und heutige Nationalmannschaftstrainer Thomas B\u00fchrer zwischen 1988 und 1991 f\u00fcr den Anlass gerade.<\/p>\n<p>In den 1980er Jahren er\u00f6ffnete die Schweizer OL-Familie traditionellerweise an der Treslagstaffel die Saison. Man erkundigte sich nach dem Formstand und den Wehwehchen, die im Herbst zu schaffen machten. Im schneearmen Winter von 1990 schrieben sich gegen 100 Equipen in die Startliste ein. Ein bis heute ungebrochenen Rekord, pendelt das Teilnehmerfeld heute doch um 60 Dreiermannschaften. In den folgenden Jahren entwickelte sich die Veranstaltung zu einem Spitzensportanlass, zum winterlichen Formtest der Schweizer Elite. Unterdessen sieht sich der Anlass konkurrenziert durch Ski- und Stadt-Orientierungsl\u00e4ufe. Bis Mitte Januar wurden 2006 nicht weniger als drei Stadt-OL in Olten, Chur und Effretikon ausgetragen, darunter eine nationale Konkurrenz unter Beteiligung des gesamten Nationalkaders.<\/p>\n<p>Unter diesem Eindruck machte die Treslagstaffel Konzessionen an den Zeitgeist und erlaubte 2005 erstmals den Einsatz von vier statt drei Personen. Die zweite und die f\u00fcnfte Strecke d\u00fcrfen von verschiedenen Personen gelaufen werden. Damit und mit vern\u00fcnftigen Streckenl\u00e4ngen versucht die OL-Gruppe Cordoba, wiederum mehr Breitensportler anzuziehen. Auf diesem Weg versucht man die ansprechende Beteiligung halten zu k\u00f6nnen werden.<\/p>\n","protected":false},"excerpt":{"rendered":"<p>Vom exklusiven Winteranlass zu einem unter vielen Orientierungslauf 30. Austragung der Treslagstaffel in M\u00fcnzlihausen bei Baden W\u00e4hrend Jahren war die Treslagstaffel ein exklusiver Anlass. An ihr er\u00f6ffnete die OL-Schweiz jeden Januar die Saison. Heute ist es ein winterlicher Orientierungslauf unter vielen. Patrick Zehnder 1973 gr\u00fcndeten die Orientierungslaufpioniere im Ostaargau die OL-Gruppe Cordoba. Und schon kurz [&hellip;]<\/p>\n","protected":false},"author":18,"featured_media":0,"parent":158,"menu_order":0,"comment_status":"closed","ping_status":"closed","template":"","meta":{"_mc_calendar":[]},"_links":{"self":[{"href":"https:\/\/www.olgcordoba.ch\/index.php\/wp-json\/wp\/v2\/pages\/1559"}],"collection":[{"href":"https:\/\/www.olgcordoba.ch\/index.php\/wp-json\/wp\/v2\/pages"}],"about":[{"href":"https:\/\/www.olgcordoba.ch\/index.php\/wp-json\/wp\/v2\/types\/page"}],"author":[{"embeddable":true,"href":"https:\/\/www.olgcordoba.ch\/index.php\/wp-json\/wp\/v2\/users\/18"}],"replies":[{"embeddable":true,"href":"https:\/\/www.olgcordoba.ch\/index.php\/wp-json\/wp\/v2\/comments?post=1559"}],"version-history":[{"count":1,"href":"https:\/\/www.olgcordoba.ch\/index.php\/wp-json\/wp\/v2\/pages\/1559\/revisions"}],"predecessor-version":[{"id":1560,"href":"https:\/\/www.olgcordoba.ch\/index.php\/wp-json\/wp\/v2\/pages\/1559\/revisions\/1560"}],"up":[{"embeddable":true,"href":"https:\/\/www.olgcordoba.ch\/index.php\/wp-json\/wp\/v2\/pages\/158"}],"wp:attachment":[{"href":"https:\/\/www.olgcordoba.ch\/index.php\/wp-json\/wp\/v2\/media?parent=1559"}],"curies":[{"name":"wp","href":"https:\/\/api.w.org\/{rel}","templated":true}]}}