{"id":158,"date":"2015-12-09T13:27:45","date_gmt":"2015-12-09T12:27:45","guid":{"rendered":"http:\/\/preview-web01.140466.aweb.preview-site.ch\/?page_id=158"},"modified":"2023-01-09T16:59:35","modified_gmt":"2023-01-09T15:59:35","slug":"historie","status":"publish","type":"page","link":"https:\/\/www.olgcordoba.ch\/index.php\/historie\/","title":{"rendered":"Historie"},"content":{"rendered":"\n<p>Cordoba OLC hat in ihrer Geschichte schon verschiedenste OL-Veranstaltungen organisiert und durchgef\u00fchrt.<br>Nicht aufgef\u00fchrt\u00a0sind die vom Junior-Team\u00a0j\u00e4hrlich durchgef\u00fchrte Treslag-Staffel und die Mithilfe bei den Kreis-OLs (Badener, Brugger, Zurzacher). Badener- und Zurzacher-OL werden ab 2013 in Eigenregie von Cordoba durchgef\u00fchrt.<\/p>\n\n\n\n<table id=\"tablepress-8\" class=\"tablepress tablepress-id-8\">\n<thead>\n<tr class=\"row-1 odd\">\n\t<th class=\"column-1\">Jahr<\/th><th class=\"column-2\">Veranstaltung<\/th><th class=\"column-3\">Laufgebiet \/ Ausgangspunkt<\/th>\n<\/tr>\n<\/thead>\n<tbody>\n<tr class=\"row-2 even\">\n\t<td class=\"column-1\">1974<\/td><td class=\"column-2\">1. Cordoba-Nacht-OL<\/td><td class=\"column-3\">Baldegg-Horn \/ Baden<\/td>\n<\/tr>\n<tr class=\"row-3 odd\">\n\t<td rowspan=\"2\" class=\"column-1\">1975<\/td><td class=\"column-2\">2. Cordoba-Nacht-OL<\/td><td class=\"column-3\">Bruggerberg \/ Riniken<\/td>\n<\/tr>\n<tr class=\"row-4 even\">\n\t<td class=\"column-2\">4. Etappe Schweizer 5-Tage-OL<\/td><td class=\"column-3\">Siggenberg \/ Endingen<\/td>\n<\/tr>\n<tr class=\"row-5 odd\">\n\t<td rowspan=\"2\" class=\"column-1\">1976<\/td><td class=\"column-2\">3. Cordoba-Nacht-OL<\/td><td class=\"column-3\">Eigi \/ Wettingen, T\u00e4gerhard<\/td>\n<\/tr>\n<tr class=\"row-6 even\">\n\t<td class=\"column-2\">ASJM-Schlusslauf<\/td><td class=\"column-3\">Bruggerberg \/ Brugg<\/td>\n<\/tr>\n<tr class=\"row-7 odd\">\n\t<td rowspan=\"2\" class=\"column-1\">1977<\/td><td class=\"column-2\">MOM Mannschafts-OL-Meisterschaft<\/td><td class=\"column-3\">R\u00fcsler \/ Neuenhof<\/td>\n<\/tr>\n<tr class=\"row-8 even\">\n\t<td class=\"column-2\">4. Cordoba-Nacht-OL<\/td><td class=\"column-3\">Iberg\u00a0\/ Riniken<\/td>\n<\/tr>\n<tr class=\"row-9 odd\">\n\t<td rowspan=\"2\" class=\"column-1\">1978<\/td><td class=\"column-2\">Aarg. Mannschafts-OL<\/td><td class=\"column-3\">Siggenberg \/ Nussbaumen<\/td>\n<\/tr>\n<tr class=\"row-10 even\">\n\t<td class=\"column-2\">5. Cordoba-Nacht-OL<\/td><td class=\"column-3\">Leibstadt \/ Leuggern<\/td>\n<\/tr>\n<tr class=\"row-11 odd\">\n\t<td class=\"column-1\">1979<\/td><td class=\"column-2\">4. Nat. OL<\/td><td class=\"column-3\">Achenberg \/ Zurzach<\/td>\n<\/tr>\n<tr class=\"row-12 even\">\n\t<td class=\"column-1\">1981<\/td><td class=\"column-2\">5er Staffel<\/td><td class=\"column-3\">Achenberg \/ D\u00f6ttingen<\/td>\n<\/tr>\n<tr class=\"row-13 odd\">\n\t<td class=\"column-1\">1982<\/td><td class=\"column-2\">8. Nat. OL<\/td><td class=\"column-3\">Baldegg-Horn \/ Baden<\/td>\n<\/tr>\n<tr class=\"row-14 even\">\n\t<td class=\"column-1\">1983<\/td><td class=\"column-2\">Aarg. Mannschafts-OL<\/td><td class=\"column-3\">Maiengr\u00fcn<\/td>\n<\/tr>\n<tr class=\"row-15 odd\">\n\t<td rowspan=\"2\" class=\"column-1\">1984<\/td><td class=\"column-2\">1. Badener-Stadt-OL<\/td><td class=\"column-3\">Stadt Baden<\/td>\n<\/tr>\n<tr class=\"row-16 even\">\n\t<td class=\"column-2\">7. Nat. OL A<\/td><td class=\"column-3\">Siggenberg \/ Nussbaumen<\/td>\n<\/tr>\n<tr class=\"row-17 odd\">\n\t<td class=\"column-1\">1986<\/td><td class=\"column-2\">5. Nat. B<\/td><td class=\"column-3\">Geissberg \/ Villigen<\/td>\n<\/tr>\n<tr class=\"row-18 even\">\n\t<td class=\"column-1\">1987<\/td><td class=\"column-2\">Aarg. 3-Tage-OL<\/td><td class=\"column-3\">Siggenberg &amp; Geissberg &amp;\u00a0Unterwald \/ PSI<\/td>\n<\/tr>\n<tr class=\"row-19 odd\">\n\t<td class=\"column-1\">1989<\/td><td class=\"column-2\">Nat. OL A<\/td><td class=\"column-3\">Achenberg \/ Zurzach<\/td>\n<\/tr>\n<tr class=\"row-20 even\">\n\t<td class=\"column-1\">1992<\/td><td class=\"column-2\">Nat. OL B<\/td><td class=\"column-3\">Baldegg-Horn \/ Birmenstorf<\/td>\n<\/tr>\n<tr class=\"row-21 odd\">\n\t<td rowspan=\"2\" class=\"column-1\">1993<\/td><td class=\"column-2\">Jubil\u00e4ums-Staffel \"Rund um Baden\"<\/td><td class=\"column-3\">Div. W\u00e4lder<\/td>\n<\/tr>\n<tr class=\"row-22 even\">\n\t<td class=\"column-2\">ASJM-Schluss Lauf<\/td><td class=\"column-3\">Gmeumeri \/ W\u00fcrenlos<\/td>\n<\/tr>\n<tr class=\"row-23 odd\">\n\t<td class=\"column-1\">1995<\/td><td class=\"column-2\">Aarg. 3-Tage-OL<\/td><td class=\"column-3\">Eggplatten &amp; 2x\u00a0Boowald \/ Schneisingen<\/td>\n<\/tr>\n<tr class=\"row-24 even\">\n\t<td class=\"column-1\">1997<\/td><td class=\"column-2\">Nat.- OL<\/td><td class=\"column-3\">Siggenberg \/ Endingen<\/td>\n<\/tr>\n<tr class=\"row-25 odd\">\n\t<td class=\"column-1\">1998<\/td><td class=\"column-2\">5-er Staffel<\/td><td class=\"column-3\">Boowald \/ Scheisingen<\/td>\n<\/tr>\n<tr class=\"row-26 even\">\n\t<td class=\"column-1\">1999<\/td><td class=\"column-2\">Aarg. Mannschafts-OL<\/td><td class=\"column-3\">Eigi \/ Wettingen, T\u00e4gerhard<\/td>\n<\/tr>\n<tr class=\"row-27 odd\">\n\t<td class=\"column-1\">2001<\/td><td class=\"column-2\">OL-Staffel-Meisterschaft (SOM)<\/td><td class=\"column-3\">Sennhof-Oedenholz<\/td>\n<\/tr>\n<tr class=\"row-28 even\">\n\t<td class=\"column-1\">2004<\/td><td class=\"column-2\">Aarg. 3-Tage-OL<\/td><td class=\"column-3\">Boowald &amp;\u00a02xSiggenberg\u00a0\/ Endingen<\/td>\n<\/tr>\n<tr class=\"row-29 odd\">\n\t<td class=\"column-1\">2005<\/td><td class=\"column-2\">ASJM-Schlusslauf<\/td><td class=\"column-3\">Bruggerberg \/ Riniken<\/td>\n<\/tr>\n<tr class=\"row-30 even\">\n\t<td class=\"column-1\">2007<\/td><td class=\"column-2\">51. 5er- &amp; 1. Kinder-Staffel<\/td><td class=\"column-3\">Boowald \/ B\u00f6bikon<\/td>\n<\/tr>\n<tr class=\"row-31 odd\">\n\t<td class=\"column-1\">2008<\/td><td class=\"column-2\">OL-SM-Sprint (SPM)\u00a0&amp; Lang (LOM)<\/td><td class=\"column-3\">Stadt Baden &amp;\u00a0Siggenberg \/ Baden<\/td>\n<\/tr>\n<tr class=\"row-32 even\">\n\t<td class=\"column-1\">2009<\/td><td class=\"column-2\">Euromeeting-Staffel<\/td><td class=\"column-3\">Seelisberg<\/td>\n<\/tr>\n<tr class=\"row-33 odd\">\n\t<td class=\"column-1\">2010<\/td><td class=\"column-2\">ASJM-Schlusslauf<\/td><td class=\"column-3\">Iberg \/ Unterb\u00f6tzberg<\/td>\n<\/tr>\n<tr class=\"row-34 even\">\n\t<td class=\"column-1\">2011<\/td><td class=\"column-2\">Aarg. 3-Tage-OL<\/td><td class=\"column-3\">D\u00e4ttwil-Summerhalde \/ R\u00fcsler West (Baregg) \/ R\u00fcsler Ost<\/td>\n<\/tr>\n<tr class=\"row-35 odd\">\n\t<td rowspan=\"3\" class=\"column-1\">2013<\/td><td rowspan=\"3\" class=\"column-2\">Weltcup Weekend Baden<\/td><td class=\"column-3\">Nationale: Eigi und Baldegg-Horn<\/td>\n<\/tr>\n<tr class=\"row-36 even\">\n\t<td class=\"column-3\">Mixed-Sprint-Staffel: Baden-Nord \/ Ennetbaden<\/td>\n<\/tr>\n<tr class=\"row-37 odd\">\n\t<td class=\"column-3\">Weltcup: T\u00fc\u00fcfelsch\u00e4ller und Stadt Baden<\/td>\n<\/tr>\n<tr class=\"row-38 even\">\n\t<td rowspan=\"2\" class=\"column-1\">2014<\/td><td class=\"column-2\">60. Badener-OL<\/td><td class=\"column-3\">Oedenholz West \/ Oedenholz<\/td>\n<\/tr>\n<tr class=\"row-39 odd\">\n\t<td class=\"column-2\">67. Zurzacher-OL<\/td><td class=\"column-3\">Baregg-T\u00fc\u00fcfelsch\u00e4ller \/ Baden<\/td>\n<\/tr>\n<tr class=\"row-40 even\">\n\t<td rowspan=\"2\" class=\"column-1\">2015<\/td><td class=\"column-2\">61. Badener-OL<\/td><td class=\"column-3\">Summerhalde-Sch\u00f6nert\/ R\u00fctihof<\/td>\n<\/tr>\n<tr class=\"row-41 odd\">\n\t<td class=\"column-2\">68. Zurzacher-OL<\/td><td class=\"column-3\">Achenberg Nord \/ D\u00f6ttingen<\/td>\n<\/tr>\n<tr class=\"row-42 even\">\n\t<td rowspan=\"2\" class=\"column-1\">2016<\/td><td class=\"column-2\">62. Badener-OL<\/td><td class=\"column-3\">Doppelsprint: Stadt Baden - Ennetbaden \/Ennetbaden<\/td>\n<\/tr>\n<tr class=\"row-43 odd\">\n\t<td class=\"column-2\">69. Zurzacher-OL<\/td><td class=\"column-3\">Achenberg S\u00fcd \/ Bad Zurzach<\/td>\n<\/tr>\n<tr class=\"row-44 even\">\n\t<td rowspan=\"2\" class=\"column-1\">2017<\/td><td class=\"column-2\">63. Badener-OL<\/td><td class=\"column-3\">Eigi-Wettingen \/ Wettingen<\/td>\n<\/tr>\n<tr class=\"row-45 odd\">\n\t<td class=\"column-2\">70. Zurzacher-OL<\/td><td class=\"column-3\">\u00d6denholz-Sennhof West \/ Etzgen<\/td>\n<\/tr>\n<tr class=\"row-46 even\">\n\t<td rowspan=\"2\" class=\"column-1\">2018<\/td><td class=\"column-2\">64. Badener-OL<\/td><td class=\"column-3\">Baldegg-Horn \/ Birmenstorf<\/td>\n<\/tr>\n<tr class=\"row-47 odd\">\n\t<td class=\"column-2\">71. Zurzacher-OL<\/td><td class=\"column-3\">Achenberg Nord\/ Klingnau <\/td>\n<\/tr>\n<tr class=\"row-48 even\">\n\t<td rowspan=\"2\" class=\"column-1\">2019<\/td><td class=\"column-2\">Abend-OL: Wald Sprint<\/td><td class=\"column-3\">Sch\u00f6nert<\/td>\n<\/tr>\n<tr class=\"row-49 odd\">\n\t<td class=\"column-2\">35. Aargauer 3-Tage-OL<\/td><td class=\"column-3\">1. Etappe: Middle, Karte Iberg plus 1. Supersprint, Karte Kindergarten Riniken<br \/>\n2. Etappe: Langdistanz, Karte Bruggerberg, 65. Badener-OL<br \/>\n3. Etappe: Sprint, Stadt Brugg, 72. Zurzacher-OL<\/td>\n<\/tr>\n<tr class=\"row-50 even\">\n\t<td rowspan=\"2\" class=\"column-1\">2020<\/td><td class=\"column-2\">Badener-Abend-OL<\/td><td class=\"column-3\">Buechberg-Mellingen \/ Pfadiheim Niederrohrdorf<br \/>\nErsatzlauf f\u00fcr den wegen Covid-19 abgesagten Badener-OL vom Fr\u00fchling<\/td>\n<\/tr>\n<tr class=\"row-51 odd\">\n\t<td class=\"column-2\">73. Zurzacher-OL<\/td><td class=\"column-3\">Unterwald-Beznau \/ Forsthof W\u00fcrenlingen<\/td>\n<\/tr>\n<tr class=\"row-52 even\">\n\t<td rowspan=\"2\" class=\"column-1\">2021<\/td><td class=\"column-2\">65. Badener-OL<\/td><td class=\"column-3\">Stadt Brugg (Sprint) \/ Sporthalle Mulimatt Brugg<\/td>\n<\/tr>\n<tr class=\"row-53 odd\">\n\t<td class=\"column-2\">74. Zurzacher-OL<\/td><td class=\"column-3\">Iberg \/ Unterb\u00f6tzberg<\/td>\n<\/tr>\n<tr class=\"row-54 even\">\n\t<td rowspan=\"2\" class=\"column-1\">2022<\/td><td class=\"column-2\">1. Nationaler<\/td><td class=\"column-3\">(Villiger) Geissberg \/ Sporthalle Mulimatt Brugg<\/td>\n<\/tr>\n<tr class=\"row-55 odd\">\n\t<td class=\"column-2\">Badener Abend-OL<\/td><td class=\"column-3\">Talhau \/K\u00fcnten<\/td>\n<\/tr>\n<tr class=\"row-56 even\">\n\t<td rowspan=\"2\" class=\"column-1\">2023<\/td><td class=\"column-2\">Badener-OL<\/td><td class=\"column-3\">Geissenschachen &amp; Stadt Brugg \/ Brugg<\/td>\n<\/tr>\n<tr class=\"row-57 odd\">\n\t<td class=\"column-2\">75. Zurzacher-OL<\/td><td class=\"column-3\">Bruggerberg \/ Riniken<\/td>\n<\/tr>\n<tr class=\"row-58 even\">\n\t<td rowspan=\"2\" class=\"column-1\">2024<\/td><td class=\"column-2\">1. Nationaler<\/td><td class=\"column-3\">T\u00fcfels-Ch\u00e4ller-Baregg \/ Baden<\/td>\n<\/tr>\n<tr class=\"row-59 odd\">\n\t<td class=\"column-2\">76. Zurzacher-OL<\/td><td class=\"column-3\">Geissberg \/ Remigen<\/td>\n<\/tr>\n<tr class=\"row-60 even\">\n\t<td rowspan=\"2\" class=\"column-1\">2025<\/td><td class=\"column-2\">Badener-OL<\/td><td class=\"column-3\">Stadt Mellingen \/ Mellingen<\/td>\n<\/tr>\n<tr class=\"row-61 odd\">\n\t<td class=\"column-2\">77. Zurzacher-OL<\/td><td class=\"column-3\">Talhau \/ Stetten<\/td>\n<\/tr>\n<\/tbody>\n<\/table>\n<!-- #tablepress-8 from cache -->\n\n\n\n<p>.<\/p>\n","protected":false},"excerpt":{"rendered":"<p>Cordoba OLC hat in ihrer Geschichte schon verschiedenste OL-Veranstaltungen organisiert und durchgef\u00fchrt.Nicht aufgef\u00fchrt\u00a0sind die vom Junior-Team\u00a0j\u00e4hrlich durchgef\u00fchrte Treslag-Staffel und die Mithilfe bei den Kreis-OLs (Badener, Brugger, Zurzacher). Badener- und Zurzacher-OL werden ab 2013 in Eigenregie von Cordoba durchgef\u00fchrt. .<\/p>\n","protected":false},"author":1,"featured_media":0,"parent":0,"menu_order":0,"comment_status":"closed","ping_status":"closed","template":"","meta":{"_mc_calendar":[]},"_links":{"self":[{"href":"https:\/\/www.olgcordoba.ch\/index.php\/wp-json\/wp\/v2\/pages\/158"}],"collection":[{"href":"https:\/\/www.olgcordoba.ch\/index.php\/wp-json\/wp\/v2\/pages"}],"about":[{"href":"https:\/\/www.olgcordoba.ch\/index.php\/wp-json\/wp\/v2\/types\/page"}],"author":[{"embeddable":true,"href":"https:\/\/www.olgcordoba.ch\/index.php\/wp-json\/wp\/v2\/users\/1"}],"replies":[{"embeddable":true,"href":"https:\/\/www.olgcordoba.ch\/index.php\/wp-json\/wp\/v2\/comments?post=158"}],"version-history":[{"count":11,"href":"https:\/\/www.olgcordoba.ch\/index.php\/wp-json\/wp\/v2\/pages\/158\/revisions"}],"predecessor-version":[{"id":17685,"href":"https:\/\/www.olgcordoba.ch\/index.php\/wp-json\/wp\/v2\/pages\/158\/revisions\/17685"}],"wp:attachment":[{"href":"https:\/\/www.olgcordoba.ch\/index.php\/wp-json\/wp\/v2\/media?parent=158"}],"curies":[{"name":"wp","href":"https:\/\/api.w.org\/{rel}","templated":true}]}}