{"id":19793,"date":"2023-08-20T20:32:13","date_gmt":"2023-08-20T18:32:13","guid":{"rendered":"https:\/\/www.olgcordoba.ch\/?page_id=19793"},"modified":"2025-10-15T17:45:56","modified_gmt":"2025-10-15T15:45:56","slug":"bike-ol","status":"publish","type":"page","link":"https:\/\/www.olgcordoba.ch\/index.php\/bike-ol\/","title":{"rendered":"Cordoba Bike OL"},"content":{"rendered":"\n<h3> Das Wichtigste in K\u00fcrze:<\/h3>\n\n\n\n<div class=\"wp-block-image\"><figure class=\"alignright size-medium\"><a href=\"https:\/\/www.olgcordoba.ch\/wp-content\/uploads\/2023\/10\/2023_Cordoba-Bike-OL_017.jpg\"><img loading=\"lazy\" width=\"225\" height=\"300\" src=\"https:\/\/www.olgcordoba.ch\/wp-content\/uploads\/2023\/10\/2023_Cordoba-Bike-OL_017-225x300.jpg\" alt=\"\" class=\"wp-image-20606\" srcset=\"https:\/\/www.olgcordoba.ch\/wp-content\/uploads\/2023\/10\/2023_Cordoba-Bike-OL_017-225x300.jpg 225w, https:\/\/www.olgcordoba.ch\/wp-content\/uploads\/2023\/10\/2023_Cordoba-Bike-OL_017.jpg 750w\" sizes=\"(max-width: 225px) 100vw, 225px\" \/><\/a><figcaption>Fahrk\u00fcnste sind beim Bike-O gefragt!<\/figcaption><\/figure><\/div>\n\n\n\n<ul><li><strong>Der 2. Cordoba Bike-OL am Sonntag, 26. Oktober 2025, als Schweizermeisterschaft im Sprint<\/strong><\/li><li><strong>Sprint in 2 L\u00e4ufen &#8211; Gesamtzeit beider L\u00e4ufe z\u00e4hlt<\/strong><\/li><li><strong><a rel=\"noreferrer noopener\" href=\"https:\/\/s.geo.admin.ch\/ytc0fq6yxsum\" data-type=\"URL\" data-id=\"https:\/\/s.geo.admin.ch\/ytc0fq6yxsum\" target=\"_blank\">Fussballstadion Au<\/a>, 5200 Brugg<\/strong><\/li><li><strong>Karte: Neue<strong> <\/strong>Bike-OL Karte \u201eGeissenschachen\u201c, Massstab 1:4&#8217;000, Stand Herbst 2025, Format A<\/strong>4<\/li><li><a rel=\"noreferrer noopener\" href=\"https:\/\/entry.picoevents.ch\/AG.php\" data-type=\"URL\" data-id=\"https:\/\/entry.picoevents.ch\/AG.php\" target=\"_blank\">Anmeldung<\/a> <strong>bis Dienstag, 21. Oktober, 22:00 Uhr<\/strong><\/li><li><strong>Nachmeldungen am Lauftag bis 10:00 Uhr<\/strong><\/li><li><strong>Sehr gute \u00d6V Verbindungen bis Bahnhof Brugg<\/strong><\/li><\/ul>\n\n\n\n<table id=\"tablepress-59\" class=\"tablepress tablepress-id-59\">\n<thead>\n<tr class=\"row-1 odd\">\n\t<th class=\"column-1\"><h3>Sponsoren<\/h3><\/th><th class=\"column-2\"><\/th><th class=\"column-3\"><\/th><th class=\"column-4\"><\/th>\n<\/tr>\n<\/thead>\n<tbody class=\"row-hover\">\n<tr class=\"row-2 even\">\n\t<td class=\"column-1\"><br><br \/>\n<a href=\"https:\/\/treier.ch\/\" target=\"_blank\" rel=\"noopener noreferrer\"><img src=\"https:\/\/www.olgcordoba.ch\/wp-content\/uploads\/2023\/02\/Treier.jpg\" alt=\"Treier\" width=\"145\" \/><\/a><\/td><td class=\"column-2\"><a href=\"https:\/\/kpmg.com\/ch\/de.html\" target=\"_blank\" rel=\"noopener noreferrer\"><img src=\"https:\/\/www.olgcordoba.ch\/wp-content\/uploads\/2024\/01\/Logo_KPMG.jpg\" alt=\"KPMG\" width=\"145\" \/><\/a><\/td><td class=\"column-3\"><br><br \/>\n<a href=\"https:\/\/no-limit.ch\/\" target=\"_blank\" rel=\"noopener noreferrer\"><img src=\"https:\/\/www.olgcordoba.ch\/wp-content\/uploads\/2023\/10\/no_limit_2013.jpg\" alt=\"no-limit\" width=\"145\" \/><\/a><\/td><td class=\"column-4\"><a href=\"https:\/\/www.ag.ch\/en\/verwaltung\/bks\/sport-ausserschulische-jugendfoerderung\/swisslos-sportfonds-aargau\" target=\"_blank\" rel=\"noopener noreferrer\"><img src=\"https:\/\/www.olgcordoba.ch\/wp-content\/uploads\/2016\/09\/SWISSLOS.jpg\" alt=\"no-limit\" width=\"145\" \/><\/a><<\/td>\n<\/tr>\n<\/tbody>\n<\/table>\n<!-- #tablepress-59 from cache -->","protected":false},"excerpt":{"rendered":"<p>Das Wichtigste in K\u00fcrze: Der 2. Cordoba Bike-OL am Sonntag, 26. Oktober 2025, als Schweizermeisterschaft im Sprint Sprint in 2 L\u00e4ufen &#8211; Gesamtzeit beider L\u00e4ufe z\u00e4hlt Fussballstadion Au, 5200 Brugg Karte: Neue Bike-OL Karte \u201eGeissenschachen\u201c, Massstab 1:4&#8217;000, Stand Herbst 2025, Format A4 Anmeldung bis Dienstag, 21. Oktober, 22:00 Uhr Nachmeldungen am Lauftag bis 10:00 Uhr [&hellip;]<\/p>\n","protected":false},"author":18,"featured_media":0,"parent":0,"menu_order":0,"comment_status":"closed","ping_status":"closed","template":"","meta":{"_mc_calendar":[]},"_links":{"self":[{"href":"https:\/\/www.olgcordoba.ch\/index.php\/wp-json\/wp\/v2\/pages\/19793"}],"collection":[{"href":"https:\/\/www.olgcordoba.ch\/index.php\/wp-json\/wp\/v2\/pages"}],"about":[{"href":"https:\/\/www.olgcordoba.ch\/index.php\/wp-json\/wp\/v2\/types\/page"}],"author":[{"embeddable":true,"href":"https:\/\/www.olgcordoba.ch\/index.php\/wp-json\/wp\/v2\/users\/18"}],"replies":[{"embeddable":true,"href":"https:\/\/www.olgcordoba.ch\/index.php\/wp-json\/wp\/v2\/comments?post=19793"}],"version-history":[{"count":49,"href":"https:\/\/www.olgcordoba.ch\/index.php\/wp-json\/wp\/v2\/pages\/19793\/revisions"}],"predecessor-version":[{"id":24696,"href":"https:\/\/www.olgcordoba.ch\/index.php\/wp-json\/wp\/v2\/pages\/19793\/revisions\/24696"}],"wp:attachment":[{"href":"https:\/\/www.olgcordoba.ch\/index.php\/wp-json\/wp\/v2\/media?parent=19793"}],"curies":[{"name":"wp","href":"https:\/\/api.w.org\/{rel}","templated":true}]}}