{"id":20849,"date":"2023-12-21T16:47:59","date_gmt":"2023-12-21T15:47:59","guid":{"rendered":"https:\/\/www.olgcordoba.ch\/?page_id=20849"},"modified":"2023-12-22T11:18:46","modified_gmt":"2023-12-22T10:18:46","slug":"1-nationaler-2024-gelaende","status":"publish","type":"page","link":"https:\/\/www.olgcordoba.ch\/index.php\/1-nationaler-2024\/1-nationaler-2024-gelaende\/","title":{"rendered":"1. Nationaler 2024 \u2013 Gel\u00e4nde"},"content":{"rendered":"\n<table id=\"tablepress-58\" class=\"tablepress tablepress-id-58\">\n<tbody>\n<tr class=\"row-1\">\n\t<td class=\"column-1\"><a href=\"https:\/\/www.olgcordoba.ch\/index.php\/1-nationaler-2024\/\" style=\"color: blue;\" width=100%> <strong>Startseite<\/strong><\/a><\/td><td class=\"column-2\"><a href=\"https:\/\/www.olgcordoba.ch\/index.php\/1-nationaler-2024\/1-nationaler-2024-news\/\" style=\"color: blue;\" width=100%><strong>News<\/strong><\/a><\/td><td class=\"column-3\"><a href=\"https:\/\/www.olgcordoba.ch\/index.php\/1-nationaler-2024\/1-nationaler-2024-teilnahme\/\" style=\"color: blue;\" width=100%><strong>Teilnahme<\/strong><\/a><\/td><td class=\"column-4\"><a href=\"https:\/\/www.olgcordoba.ch\/index.php\/1-nationaler-2024\/1-nationaler-2024-gelaende\/\" style=\"color: blue;\" width=100%><strong>Gel\u00e4nde<\/strong><\/a><\/td><td class=\"column-5\"><a href=\"https:\/\/www.olgcordoba.ch\/index.php\/1-nationaler-2024\/1-nationaler-2024-kontakt\/\" style=\"color: blue;\" width=100%><strong>Kontakt<\/strong><\/a><\/td>\n<\/tr>\n<\/tbody>\n<\/table>\n<!-- #tablepress-58 from cache -->\n\n\n\n<div class=\"wp-block-image\"><figure class=\"alignleft size-medium\"><a href=\"https:\/\/www.olgcordoba.ch\/wp-content\/uploads\/2023\/12\/2024_1_Nat_Gelaende_Sperre.png\"><img loading=\"lazy\" width=\"300\" height=\"213\" src=\"https:\/\/www.olgcordoba.ch\/wp-content\/uploads\/2023\/12\/2024_1_Nat_Gelaende_Sperre-300x213.png\" alt=\"\" class=\"wp-image-20890\" srcset=\"https:\/\/www.olgcordoba.ch\/wp-content\/uploads\/2023\/12\/2024_1_Nat_Gelaende_Sperre-300x213.png 300w, https:\/\/www.olgcordoba.ch\/wp-content\/uploads\/2023\/12\/2024_1_Nat_Gelaende_Sperre-140x100.png 140w, https:\/\/www.olgcordoba.ch\/wp-content\/uploads\/2023\/12\/2024_1_Nat_Gelaende_Sperre.png 638w\" sizes=\"(max-width: 300px) 100vw, 300px\" \/><\/a><figcaption>Das gesperrte Laufgebiet gem\u00e4ss Gel\u00e4ndesperre<\/figcaption><\/figure><\/div>\n\n\n\n<p>Gel\u00e4ndesperre: vgl.&nbsp;<a rel=\"noreferrer noopener\" href=\"https:\/\/www.swiss-orienteering.ch\/de\/wettkaempfe\/gelaendesperren.html\" target=\"_blank\">www.swiss-orienteering.ch<\/a><br>Embargoed area: see&nbsp;<a rel=\"noreferrer noopener\" href=\"https:\/\/www.swiss-orienteering.ch\/de\/wettkaempfe\/gelaendesperren.html\" target=\"_blank\">www.swiss-orienteering.ch<\/a><br><\/p>\n\n\n\n<div style=\"height:10px\" aria-hidden=\"true\" class=\"wp-block-spacer\"><\/div>\n\n\n\n<p>Das Laufgebiet ist ein Mittellandwald und weist erstaunlich wenig Dornen auf. Die gr\u00fcne Schraffur ist meist Fallholz, zum Teil auch noch von Sturm Lothar. Das Gel\u00e4nde weisst drei verschiedene Gel\u00e4ndekammern mit sehr unterschiedlichen Charakteren auf:<\/p>\n\n\n\n<ul><li>Der nach Westen, moderat abfallende Hang weist sehr wenige H\u00f6henkurvendetails auf und ist in grossen Teilen sehr offen und schnell belaufbar.<\/li><li>Der nord\u00f6stliche, zur Limmat abfallende Hang ist gepr\u00e4gt mit einem detailreichen, abwechslungsreichen Relief. Steile Partien wechseln sich mit flacheren ab.<\/li><li>Dazwischen eingezw\u00e4ngt ist das Gebiet des T\u00fcfels-Ch\u00e4ller (Ausdehnung etwa 600 x 250m). Dieser Teil ist gepr\u00e4gt von einem \u00e4ussert detaillierten und vielf\u00e4ltigen Relief. Mulden, H\u00fcgel, Kuppen wechseln sich ab mit Senken und steilen Flanken. Im mittleren Teil davon liegen sehr viele Steine und ragen Felsen auf. Die Felsen erreichen zum Teil eine imposante H\u00f6he von bis zu 20m.<\/li><\/ul>\n\n\n\n<p>Impressionen aus dem Gel\u00e4nde:<br>\n    <script src=\"http:\/\/ajax.googleapis.com\/ajax\/libs\/webfont\/1\/webfont.js\"><\/script>\n    <script type=\"text\/javascript\">\n      WebFont.load({\n        google: {\n          families: ['Arial'] \/\/ saved value\n        }\n      });\n    <\/script>\n\n     <style>\n\t#weblizar_20885  .rpgp-header-label {\n\t\tcolor:#FFFFFF !important;\n\t}\n\t\n\t#weblizar_20885 .rpgp-footer-label{\n\t\tcolor:#000000 !important;\n\t\tfont-size:16px;\n\t\tmargin-bottom: 5px;\n\t\tmargin-top: 5px;\n\t\ttext-align:center;\n\t\tfont-weight:normal;\n\t}\n\t\n\t#weblizar_20885 .fa{\n\t\tcolor:#FFFFFF !important;\n\t}\n\n    #weblizar_20885 .b-link-fade .b-wrapper,#weblizar_20885 .b-link-fade .b-top-line{\n        background: rgba(49, 163, 221, 0.2);\n    }\n    #weblizar_20885 .b-link-flow .b-wrapper,#weblizar_20885 .b-link-flow .b-top-line{\n        background: rgba(49, 163, 221, 0.2);\n    }\n    #weblizar_20885 .b-link-stroke .b-top-line{\n        background: rgba(49, 163, 221, 0.2);\n    }\n    #weblizar_20885 .b-link-stroke .b-bottom-line{\n        background: rgba(49, 163, 221, 0.2);\n    }\n\n    #weblizar_20885 .b-link-box .b-top-line{\n\n        border: 16px solid rgba(49, 163, 221, 0.2);\n    }\n    #weblizar_20885 .b-link-box .b-bottom-line{\n        background: rgba(49, 163, 221, 0.2);\n    }\n    #weblizar_20885 .b-link-stripe .b-line{\n        background: rgba(49, 163, 221, 0.2);\n    }\n    #weblizar_20885 .b-link-apart-horisontal .b-top-line,#weblizar_20885 .b-link-apart-horisontal .b-top-line-up{\n        background: rgba(49, 163, 221, 0.2);\n\n    }\n    #weblizar_20885 .b-link-apart-horisontal .b-bottom-line,#weblizar_20885 .b-link-apart-horisontal .b-bottom-line-up{\n        background: rgba(49, 163, 221, 0.2);\n    }\n    #weblizar_20885 .b-link-apart-vertical .b-top-line,#weblizar_20885 .b-link-apart-vertical .b-top-line-up{\n        background: rgba(49, 163, 221, 0.2);\n    }\n    #weblizar_20885 .b-link-apart-vertical .b-bottom-line,#weblizar_20885 .b-link-apart-vertical .b-bottom-line-up{\n        background: rgba(49, 163, 221, 0.2);\n    }\n    #weblizar_20885 .b-link-diagonal .b-line{\n        background: rgba(49, 163, 221, 0.2);\n    }\n\n    #weblizar_20885 .b-wrapper{\n        font-family:Arial; \/\/ real name pass here\n    }\n\t\n\t#weblizar_20885 .rpgp-header-label{\n        font-family:Arial !important; \/\/ real name pass here\n    }\n\t#weblizar_20885 .rpgp-footer-label{\n        font-family:Arial !important; \/\/ real name pass here\n    }\n\n\t\n\t@media (min-width: 992px){\n\t\t.col-md-6 {\n\t\t\twidth: 49.97% !important;\n\t\t}\n\t\t.col-md-4 {\n\t\t\twidth: 33.30% !important;\n\t\t}\n\t\t.col-md-3 {\n\t\t\twidth: 24.90% !important;\n\t\t}\n\t}\n\t\t\t@media (max-width: 992px) {\n\t\t\t#weblizar_20885 .rpgp-header-label\n\t\t\t{\n\t\t\t\tdisplay:none;\n\t\t\t}\n\t\t}\n\t\t@media (min-width: 993px) {\n\t\t\t#weblizar_20885 .rpgp-footer-label\n\t\t\t{\n\t\t\t\tdisplay:none;\n\t\t\t}\n\t\t}\n\t\t#weblizar_20885 a{\n\t\tborder-bottom: none;\n\t}\n\t\n\t    <\/style>\n\n        <div  class=\"gal-container photobox-lightbox \">\n            <!--get the post id-->\n        \t\t\n\t\t\t\t\n        <div class=\"gallery1\" id=\"weblizar_20885\">\n                        <div class=\"col-md-3 col-sm-6 wl-gallery\">\n                    <div class=\"b-link-fade b-animate-go\">\n\t\t\t\t\t\t\t\t\t\t\t\t<a href=\"https:\/\/www.olgcordoba.ch\/wp-content\/uploads\/2023\/12\/2024_1_Nat_Impressionen_001.jpg\" alt=\"\">\n\t\t\t\t\t\t\t\t<img src=\"https:\/\/www.olgcordoba.ch\/wp-content\/uploads\/2023\/12\/2024_1_Nat_Impressionen_001-400x400.jpg\" class=\"gall-img-responsive\" alt=\"\">\n\t\t\t\t\t\t\t\t<div class=\"b-wrapper\"> \t\t\t\t\t\t\t\t<\/div>\n\t\t\t\t\t\t\t<\/a>\n\t\t\t\t\t\t\t                    <\/div>\n\t\t\t\t\t                <\/div>\n                                <div class=\"col-md-3 col-sm-6 wl-gallery\">\n                    <div class=\"b-link-fade b-animate-go\">\n\t\t\t\t\t\t\t\t\t\t\t\t<a href=\"https:\/\/www.olgcordoba.ch\/wp-content\/uploads\/2023\/12\/2024_1_Nat_Impressionen_003.jpg\" alt=\"\">\n\t\t\t\t\t\t\t\t<img src=\"https:\/\/www.olgcordoba.ch\/wp-content\/uploads\/2023\/12\/2024_1_Nat_Impressionen_003-400x400.jpg\" class=\"gall-img-responsive\" alt=\"\">\n\t\t\t\t\t\t\t\t<div class=\"b-wrapper\"> \t\t\t\t\t\t\t\t<\/div>\n\t\t\t\t\t\t\t<\/a>\n\t\t\t\t\t\t\t                    <\/div>\n\t\t\t\t\t                <\/div>\n                                <div class=\"col-md-3 col-sm-6 wl-gallery\">\n                    <div class=\"b-link-fade b-animate-go\">\n\t\t\t\t\t\t\t\t\t\t\t\t<a href=\"https:\/\/www.olgcordoba.ch\/wp-content\/uploads\/2023\/12\/2024_1_Nat_Impressionen_002.jpg\" alt=\"\">\n\t\t\t\t\t\t\t\t<img src=\"https:\/\/www.olgcordoba.ch\/wp-content\/uploads\/2023\/12\/2024_1_Nat_Impressionen_002-400x400.jpg\" class=\"gall-img-responsive\" alt=\"\">\n\t\t\t\t\t\t\t\t<div class=\"b-wrapper\"> \t\t\t\t\t\t\t\t<\/div>\n\t\t\t\t\t\t\t<\/a>\n\t\t\t\t\t\t\t                    <\/div>\n\t\t\t\t\t                <\/div>\n                        <\/div>\n        <\/div>\n\n        <script>\n\tjQuery('.photobox-lightbox').photobox('a');\n\t\/\/ or with a fancier selector and some settings, and a callback:\n\tjQuery('.photobox-lightbox').photobox('a:first', { thumbs:false, time:0 }, imageLoaded);\n\tfunction imageLoaded(){\n\t\tconsole.log('image has been loaded...');\n\t}\n    <\/script>\n    \t\n\t \t\n\t<!-- swipe box-->\n\t\t\n    <\/p>\n","protected":false},"excerpt":{"rendered":"<p>Gel\u00e4ndesperre: vgl.&nbsp;www.swiss-orienteering.chEmbargoed area: see&nbsp;www.swiss-orienteering.ch Das Laufgebiet ist ein Mittellandwald und weist erstaunlich wenig Dornen auf. Die gr\u00fcne Schraffur ist meist Fallholz, zum Teil auch noch von Sturm Lothar. Das Gel\u00e4nde weisst drei verschiedene Gel\u00e4ndekammern mit sehr unterschiedlichen Charakteren auf: Der nach Westen, moderat abfallende Hang weist sehr wenige H\u00f6henkurvendetails auf und ist in grossen Teilen [&hellip;]<\/p>\n","protected":false},"author":18,"featured_media":0,"parent":19960,"menu_order":0,"comment_status":"closed","ping_status":"closed","template":"","meta":{"_mc_calendar":[]},"_links":{"self":[{"href":"https:\/\/www.olgcordoba.ch\/index.php\/wp-json\/wp\/v2\/pages\/20849"}],"collection":[{"href":"https:\/\/www.olgcordoba.ch\/index.php\/wp-json\/wp\/v2\/pages"}],"about":[{"href":"https:\/\/www.olgcordoba.ch\/index.php\/wp-json\/wp\/v2\/types\/page"}],"author":[{"embeddable":true,"href":"https:\/\/www.olgcordoba.ch\/index.php\/wp-json\/wp\/v2\/users\/18"}],"replies":[{"embeddable":true,"href":"https:\/\/www.olgcordoba.ch\/index.php\/wp-json\/wp\/v2\/comments?post=20849"}],"version-history":[{"count":15,"href":"https:\/\/www.olgcordoba.ch\/index.php\/wp-json\/wp\/v2\/pages\/20849\/revisions"}],"predecessor-version":[{"id":20915,"href":"https:\/\/www.olgcordoba.ch\/index.php\/wp-json\/wp\/v2\/pages\/20849\/revisions\/20915"}],"up":[{"embeddable":true,"href":"https:\/\/www.olgcordoba.ch\/index.php\/wp-json\/wp\/v2\/pages\/19960"}],"wp:attachment":[{"href":"https:\/\/www.olgcordoba.ch\/index.php\/wp-json\/wp\/v2\/media?parent=20849"}],"curies":[{"name":"wp","href":"https:\/\/api.w.org\/{rel}","templated":true}]}}