{"id":7677,"date":"2018-11-01T21:02:03","date_gmt":"2018-11-01T20:02:03","guid":{"rendered":"http:\/\/www.olgcordoba.ch\/?page_id=7677"},"modified":"2024-11-12T09:11:59","modified_gmt":"2024-11-12T08:11:59","slug":"startgeldrueckerstattung","status":"publish","type":"page","link":"https:\/\/www.olgcordoba.ch\/index.php\/startgeldrueckerstattung\/","title":{"rendered":"Startgeldr\u00fcckerstattung"},"content":{"rendered":"\n<p>Startgeldr\u00fcckerstattung f\u00fcr Mitglieder von Cordoba OLC bis zum Alter von 20 Jahren:<\/p>\n\n\n\n<p>Formular zur R\u00fcckerstattung der <a href=\"https:\/\/www.olgcordoba.ch\/wp-content\/uploads\/2024\/11\/2024_Startgeldrueckerstattung.xlsx\" data-type=\"URL\" data-id=\"https:\/\/www.olgcordoba.ch\/wp-content\/uploads\/2024\/11\/2024_Startgeldrueckerstattung.xlsx\" target=\"_blank\" rel=\"noreferrer noopener\">Startgelder 2024<\/a><\/p>\n\n\n\n<p>\u00d6ffne das Dokument und lade es auf deinen PC\/Laptop herunter.<\/p>\n","protected":false},"excerpt":{"rendered":"<p>Startgeldr\u00fcckerstattung f\u00fcr Mitglieder von Cordoba OLC bis zum Alter von 20 Jahren: Formular zur R\u00fcckerstattung der Startgelder 2024 \u00d6ffne das Dokument und lade es auf deinen PC\/Laptop herunter.<\/p>\n","protected":false},"author":20,"featured_media":0,"parent":0,"menu_order":0,"comment_status":"closed","ping_status":"closed","template":"","meta":{"_mc_calendar":[]},"_links":{"self":[{"href":"https:\/\/www.olgcordoba.ch\/index.php\/wp-json\/wp\/v2\/pages\/7677"}],"collection":[{"href":"https:\/\/www.olgcordoba.ch\/index.php\/wp-json\/wp\/v2\/pages"}],"about":[{"href":"https:\/\/www.olgcordoba.ch\/index.php\/wp-json\/wp\/v2\/types\/page"}],"author":[{"embeddable":true,"href":"https:\/\/www.olgcordoba.ch\/index.php\/wp-json\/wp\/v2\/users\/20"}],"replies":[{"embeddable":true,"href":"https:\/\/www.olgcordoba.ch\/index.php\/wp-json\/wp\/v2\/comments?post=7677"}],"version-history":[{"count":11,"href":"https:\/\/www.olgcordoba.ch\/index.php\/wp-json\/wp\/v2\/pages\/7677\/revisions"}],"predecessor-version":[{"id":22951,"href":"https:\/\/www.olgcordoba.ch\/index.php\/wp-json\/wp\/v2\/pages\/7677\/revisions\/22951"}],"wp:attachment":[{"href":"https:\/\/www.olgcordoba.ch\/index.php\/wp-json\/wp\/v2\/media?parent=7677"}],"curies":[{"name":"wp","href":"https:\/\/api.w.org\/{rel}","templated":true}]}}