{"id":77,"date":"2015-12-08T14:51:27","date_gmt":"2015-12-08T13:51:27","guid":{"rendered":"http:\/\/preview-web01.140466.aweb.preview-site.ch\/?page_id=77"},"modified":"2026-02-18T15:19:57","modified_gmt":"2026-02-18T14:19:57","slug":"statuten","status":"publish","type":"page","link":"https:\/\/www.olgcordoba.ch\/index.php\/statuten\/","title":{"rendered":"Statuten"},"content":{"rendered":"\n<p>Unsere Statuten k\u00f6nnen <a href=\"https:\/\/www.olgcordoba.ch\/wp-content\/uploads\/2026\/02\/2025_Statuten_V.1.4.pdf\" data-type=\"URL\" data-id=\"https:\/\/www.olgcordoba.ch\/wp-content\/uploads\/2026\/02\/2025_Statuten_V.1.4.pdf\" target=\"_blank\" rel=\"noreferrer noopener\">hier <\/a>heruntergeladen oder im Sekretariat bei <a href=\"mailto:sekretariat@olgcordoba.ch?subject=OLG%20CORDOBA%20Statuten\" data-type=\"mailto\" data-id=\"mailto:sekretariat@olgcordoba.ch?subject=OLG%20CORDOBA%20Statuten\">Favia N\u00e4f<\/a> bestellt werden.<\/p>\n\n\n\n<p>Flavia N\u00e4f<br>Cordoba Sekretariat<br>Mellingerstrasse 40<br>5400 Baden<\/p>\n\n\n\n<p><a href=\"https:\/\/www.olgcordoba.ch\/wp-content\/uploads\/2026\/02\/2025_Statuten_V.1.4.pdf\" data-type=\"URL\" data-id=\"https:\/\/www.olgcordoba.ch\/wp-content\/uploads\/2026\/02\/2025_Statuten_V.1.4.pdf\" target=\"_blank\" rel=\"noreferrer noopener\">Statuten von Cordoba OLC<\/a><br>Cordoba verf\u00fcgt auch \u00fcber\u00a0ein <a rel=\"noopener noreferrer\" href=\"http:\/\/preview-web01.140466.aweb.preview-site.ch\/wp-content\/uploads\/2015\/12\/Leitbild-V.1.1.pdf\" target=\"_blank\">Leitbild<\/a>.<br><br>Die aktuellen Mitgliederbeitr\u00e4ge sind wie folgt:<\/p>\n\n\n\n<ul><li>Kinder, Jugendliche bis 20: &nbsp; CHF 30.-<\/li><li>Erwachsene: &nbsp;CHF 80.-<\/li><li>Familien max.: &nbsp;CHF 190.-<\/li><\/ul>\n\n\n\n<p><\/p>\n","protected":false},"excerpt":{"rendered":"<p>Unsere Statuten k\u00f6nnen hier heruntergeladen oder im Sekretariat bei Favia N\u00e4f bestellt werden. Flavia N\u00e4fCordoba SekretariatMellingerstrasse 405400 Baden Statuten von Cordoba OLCCordoba verf\u00fcgt auch \u00fcber\u00a0ein Leitbild. Die aktuellen Mitgliederbeitr\u00e4ge sind wie folgt: Kinder, Jugendliche bis 20: &nbsp; CHF 30.- Erwachsene: &nbsp;CHF 80.- Familien max.: &nbsp;CHF 190.-<\/p>\n","protected":false},"author":1,"featured_media":0,"parent":0,"menu_order":0,"comment_status":"closed","ping_status":"closed","template":"","meta":{"_mc_calendar":[]},"_links":{"self":[{"href":"https:\/\/www.olgcordoba.ch\/index.php\/wp-json\/wp\/v2\/pages\/77"}],"collection":[{"href":"https:\/\/www.olgcordoba.ch\/index.php\/wp-json\/wp\/v2\/pages"}],"about":[{"href":"https:\/\/www.olgcordoba.ch\/index.php\/wp-json\/wp\/v2\/types\/page"}],"author":[{"embeddable":true,"href":"https:\/\/www.olgcordoba.ch\/index.php\/wp-json\/wp\/v2\/users\/1"}],"replies":[{"embeddable":true,"href":"https:\/\/www.olgcordoba.ch\/index.php\/wp-json\/wp\/v2\/comments?post=77"}],"version-history":[{"count":18,"href":"https:\/\/www.olgcordoba.ch\/index.php\/wp-json\/wp\/v2\/pages\/77\/revisions"}],"predecessor-version":[{"id":25356,"href":"https:\/\/www.olgcordoba.ch\/index.php\/wp-json\/wp\/v2\/pages\/77\/revisions\/25356"}],"wp:attachment":[{"href":"https:\/\/www.olgcordoba.ch\/index.php\/wp-json\/wp\/v2\/media?parent=77"}],"curies":[{"name":"wp","href":"https:\/\/api.w.org\/{rel}","templated":true}]}}